{"id":924,"date":"2016-08-25T13:54:56","date_gmt":"2016-08-25T12:54:56","guid":{"rendered":"https:\/\/daniele.shop\/?post_type=product&#038;p=924"},"modified":"2026-02-07T09:41:19","modified_gmt":"2026-02-07T08:41:19","slug":"aceto-balsamico-classico-daniele-5-stelle","status":"publish","type":"product","link":"https:\/\/daniele.shop\/it\/produkt\/aceto-balsamico-classico-daniele-5-stern\/","title":{"rendered":"Aceto Balsamico classico Daniele 5 stelle"},"content":{"rendered":"<p>Daniele ha recentemente presentato le \u201ecinque stelle\u201c a un pubblico interessato, in occasione di una mostra alimentare in un'area metropolitana svizzera. \u00c8 il luccichio degli occhi e le parole di apprezzamento che incoraggiano questo impegno generazionale.<\/p>\n<p>La sorpresa \u00e8 stata un successo: l'aceto balsamico pi\u00f9 antico di Daniele \u00e8 molto apprezzato. Questo \u00e8 un po\u201e sorprendente, perch\u00e9 il \u201cClassico\" non era ancora imbottigliato e destinato al mercato. Ma presto, in occasione del 30\u00b0 anniversario di Daniele, \u00e8 stata rilasciata per la prima volta un'edizione limitata.<\/p>\n<p>Questo aceto \u00e8 l'estratto di innumerevoli annate di mosto di Pinot Nero, l'essenza di tutto il legno delle batterie di botti e viene aggiunto al cibo goccia a goccia come un elisir di affinamento.<\/p>","protected":false},"excerpt":{"rendered":"<p>Romanticamente legato alla tradizione, il 5 stelle \u00e8 il risultato di oltre 15 anni di invecchiamento.<\/p>\n<p>Quantit\u00e0: 100 ml<\/p>","protected":false},"featured_media":661114,"comment_status":"open","ping_status":"closed","template":"","meta":{"_acf_changed":false,"site-sidebar-layout":"default","site-content-layout":"","ast-site-content-layout":"default","site-content-style":"default","site-sidebar-style":"default","ast-global-header-display":"","ast-banner-title-visibility":"","ast-main-header-display":"","ast-hfb-above-header-display":"","ast-hfb-below-header-display":"","ast-hfb-mobile-header-display":"","site-post-title":"","ast-breadcrumbs-content":"","ast-featured-img":"","footer-sml-layout":"","ast-disable-related-posts":"","theme-transparent-header-meta":"","adv-header-id-meta":"","stick-header-meta":"","header-above-stick-meta":"","header-main-stick-meta":"","header-below-stick-meta":"","astra-migrate-meta-layouts":"default","ast-page-background-enabled":"default","ast-page-background-meta":{"desktop":{"background-color":"var(--ast-global-color-5)","background-image":"","background-repeat":"repeat","background-position":"center center","background-size":"auto","background-attachment":"scroll","background-type":"","background-media":"","overlay-type":"","overlay-color":"","overlay-opacity":"","overlay-gradient":""},"tablet":{"background-color":"","background-image":"","background-repeat":"repeat","background-position":"center center","background-size":"auto","background-attachment":"scroll","background-type":"","background-media":"","overlay-type":"","overlay-color":"","overlay-opacity":"","overlay-gradient":""},"mobile":{"background-color":"","background-image":"","background-repeat":"repeat","background-position":"center center","background-size":"auto","background-attachment":"scroll","background-type":"","background-media":"","overlay-type":"","overlay-color":"","overlay-opacity":"","overlay-gradient":""}},"ast-content-background-meta":{"desktop":{"background-color":"var(--ast-global-color-4)","background-image":"","background-repeat":"repeat","background-position":"center center","background-size":"auto","background-attachment":"scroll","background-type":"","background-media":"","overlay-type":"","overlay-color":"","overlay-opacity":"","overlay-gradient":""},"tablet":{"background-color":"var(--ast-global-color-4)","background-image":"","background-repeat":"repeat","background-position":"center center","background-size":"auto","background-attachment":"scroll","background-type":"","background-media":"","overlay-type":"","overlay-color":"","overlay-opacity":"","overlay-gradient":""},"mobile":{"background-color":"var(--ast-global-color-4)","background-image":"","background-repeat":"repeat","background-position":"center center","background-size":"auto","background-attachment":"scroll","background-type":"","background-media":"","overlay-type":"","overlay-color":"","overlay-opacity":"","overlay-gradient":""}}},"product_brand":[],"product_cat":[65],"product_tag":[122],"class_list":{"0":"post-924","1":"product","2":"type-product","3":"status-publish","4":"has-post-thumbnail","6":"product_cat-aceto-balsamico-2","7":"product_tag-daniele","8":"desktop-align-left","9":"tablet-align-left","10":"mobile-align-left","12":"first","13":"instock","14":"taxable","15":"shipping-taxable","16":"purchasable","17":"product-type-simple"},"acf":[],"_links":{"self":[{"href":"https:\/\/daniele.shop\/it\/wp-json\/wp\/v2\/product\/924","targetHints":{"allow":["GET"]}}],"collection":[{"href":"https:\/\/daniele.shop\/it\/wp-json\/wp\/v2\/product"}],"about":[{"href":"https:\/\/daniele.shop\/it\/wp-json\/wp\/v2\/types\/product"}],"replies":[{"embeddable":true,"href":"https:\/\/daniele.shop\/it\/wp-json\/wp\/v2\/comments?post=924"}],"wp:featuredmedia":[{"embeddable":true,"href":"https:\/\/daniele.shop\/it\/wp-json\/wp\/v2\/media\/661114"}],"wp:attachment":[{"href":"https:\/\/daniele.shop\/it\/wp-json\/wp\/v2\/media?parent=924"}],"wp:term":[{"taxonomy":"product_brand","embeddable":true,"href":"https:\/\/daniele.shop\/it\/wp-json\/wp\/v2\/product_brand?post=924"},{"taxonomy":"product_cat","embeddable":true,"href":"https:\/\/daniele.shop\/it\/wp-json\/wp\/v2\/product_cat?post=924"},{"taxonomy":"product_tag","embeddable":true,"href":"https:\/\/daniele.shop\/it\/wp-json\/wp\/v2\/product_tag?post=924"}],"curies":[{"name":"wp","href":"https:\/\/api.w.org\/{rel}","templated":true}]}}