{"id":433,"date":"2015-04-20T19:08:03","date_gmt":"2015-04-20T18:08:03","guid":{"rendered":"https:\/\/daniele.shop\/?post_type=product&#038;p=433"},"modified":"2026-02-07T09:41:05","modified_gmt":"2026-02-07T08:41:05","slug":"aceto-balsamico-daniele-4-stelle","status":"publish","type":"product","link":"https:\/\/daniele.shop\/it\/produkt\/aceto-balsamico-daniele-4-stern\/","title":{"rendered":"Aceto Balsamico Daniele 4 stelle"},"content":{"rendered":"<p>La corposa bottiglia dell'Acetaia di Daniele riceve cure intensive. Qui \u00e8 stato creato un aceto balsamico speciale. Ci\u00f2 significa che questo aceto balsamico \u00e8 maturato per pi\u00f9 di 12 anni e diventa costantemente pi\u00f9 concentrato. Non solo diventa pi\u00f9 dolce, ma ha anche subito tutte le influenze ambientali nel corso degli anni: Il freddo dell'inverno, il calore delle giornate calde - ricordiamo la calda estate del 2003 - ed \u00e8 maturato per pi\u00f9 di una generazione.<\/p>\n<p>Immaginate di modellare una pallina di gelato alla cannella e di disporla su un piatto. Decoratela con delle prugne stufate. Posizionate sopra dei pezzetti di torta al cioccolato fatta in casa. Ora spruzzate un po' di aceto sul gelato, sulla composta e sulla torta. Godetevi le stagioni con le vostre belle tavole imbandite.<\/p>","protected":false},"excerpt":{"rendered":"<p>Il meglio arriva quasi alla fine. L'aceto a 4 stelle \u00e8 il biglietto da visita del produttore di aceto di Sciaffusa.<\/p>\n<p>Quantit\u00e0: 100 ml<br \/>\nPrezzo per 100 ml: Fr. 36.50<\/p>","protected":false},"featured_media":661075,"comment_status":"open","ping_status":"closed","template":"","meta":{"_acf_changed":false,"site-sidebar-layout":"default","site-content-layout":"","ast-site-content-layout":"default","site-content-style":"default","site-sidebar-style":"default","ast-global-header-display":"","ast-banner-title-visibility":"","ast-main-header-display":"","ast-hfb-above-header-display":"","ast-hfb-below-header-display":"","ast-hfb-mobile-header-display":"","site-post-title":"","ast-breadcrumbs-content":"","ast-featured-img":"","footer-sml-layout":"","ast-disable-related-posts":"","theme-transparent-header-meta":"","adv-header-id-meta":"","stick-header-meta":"","header-above-stick-meta":"","header-main-stick-meta":"","header-below-stick-meta":"","astra-migrate-meta-layouts":"default","ast-page-background-enabled":"default","ast-page-background-meta":{"desktop":{"background-color":"var(--ast-global-color-5)","background-image":"","background-repeat":"repeat","background-position":"center center","background-size":"auto","background-attachment":"scroll","background-type":"","background-media":"","overlay-type":"","overlay-color":"","overlay-opacity":"","overlay-gradient":""},"tablet":{"background-color":"","background-image":"","background-repeat":"repeat","background-position":"center center","background-size":"auto","background-attachment":"scroll","background-type":"","background-media":"","overlay-type":"","overlay-color":"","overlay-opacity":"","overlay-gradient":""},"mobile":{"background-color":"","background-image":"","background-repeat":"repeat","background-position":"center center","background-size":"auto","background-attachment":"scroll","background-type":"","background-media":"","overlay-type":"","overlay-color":"","overlay-opacity":"","overlay-gradient":""}},"ast-content-background-meta":{"desktop":{"background-color":"var(--ast-global-color-4)","background-image":"","background-repeat":"repeat","background-position":"center center","background-size":"auto","background-attachment":"scroll","background-type":"","background-media":"","overlay-type":"","overlay-color":"","overlay-opacity":"","overlay-gradient":""},"tablet":{"background-color":"var(--ast-global-color-4)","background-image":"","background-repeat":"repeat","background-position":"center center","background-size":"auto","background-attachment":"scroll","background-type":"","background-media":"","overlay-type":"","overlay-color":"","overlay-opacity":"","overlay-gradient":""},"mobile":{"background-color":"var(--ast-global-color-4)","background-image":"","background-repeat":"repeat","background-position":"center center","background-size":"auto","background-attachment":"scroll","background-type":"","background-media":"","overlay-type":"","overlay-color":"","overlay-opacity":"","overlay-gradient":""}}},"product_brand":[],"product_cat":[65],"product_tag":[122],"class_list":{"0":"post-433","1":"product","2":"type-product","3":"status-publish","4":"has-post-thumbnail","6":"product_cat-aceto-balsamico-2","7":"product_tag-daniele","8":"desktop-align-left","9":"tablet-align-left","10":"mobile-align-left","12":"first","13":"instock","14":"taxable","15":"shipping-taxable","16":"purchasable","17":"product-type-simple"},"acf":[],"_links":{"self":[{"href":"https:\/\/daniele.shop\/it\/wp-json\/wp\/v2\/product\/433","targetHints":{"allow":["GET"]}}],"collection":[{"href":"https:\/\/daniele.shop\/it\/wp-json\/wp\/v2\/product"}],"about":[{"href":"https:\/\/daniele.shop\/it\/wp-json\/wp\/v2\/types\/product"}],"replies":[{"embeddable":true,"href":"https:\/\/daniele.shop\/it\/wp-json\/wp\/v2\/comments?post=433"}],"wp:featuredmedia":[{"embeddable":true,"href":"https:\/\/daniele.shop\/it\/wp-json\/wp\/v2\/media\/661075"}],"wp:attachment":[{"href":"https:\/\/daniele.shop\/it\/wp-json\/wp\/v2\/media?parent=433"}],"wp:term":[{"taxonomy":"product_brand","embeddable":true,"href":"https:\/\/daniele.shop\/it\/wp-json\/wp\/v2\/product_brand?post=433"},{"taxonomy":"product_cat","embeddable":true,"href":"https:\/\/daniele.shop\/it\/wp-json\/wp\/v2\/product_cat?post=433"},{"taxonomy":"product_tag","embeddable":true,"href":"https:\/\/daniele.shop\/it\/wp-json\/wp\/v2\/product_tag?post=433"}],"curies":[{"name":"wp","href":"https:\/\/api.w.org\/{rel}","templated":true}]}}