{"id":427,"date":"2015-04-20T18:58:15","date_gmt":"2015-04-20T17:58:15","guid":{"rendered":"https:\/\/daniele.shop\/?post_type=product&#038;p=427"},"modified":"2025-11-18T17:32:22","modified_gmt":"2025-11-18T16:32:22","slug":"olio-di-oliva-daniele-250ml","status":"publish","type":"product","link":"https:\/\/daniele.shop\/it\/produkt\/olio-di-oliva-daniele-250ml\/","title":{"rendered":"Olio di Oliva extra vergine Daniele 250ml"},"content":{"rendered":"<p>L'etichetta \u201eextravergine\u201c viene assegnata a un olio d'oliva non appena questo scende al di sotto di determinati valori di analisi e la qualit\u00e0 raggiunge il livello pi\u00f9 alto. L'Olio di Oliva Daniele \u00e8 fino a 80 % inferiore a questi valori, a seconda dell'annata e del raccolto. Fabrizio Serni garantisce una meravigliosa qualit\u00e0 dell'olio.<\/p>\n<p>In bottiglia ha un colore verdognolo con riflessi giallo oro. Al naso l'olio ha un aroma molto piacevole e intenso. Al palato, l'olio \u00e8 deliziosamente fruttato: note di erba, pomodoro e carciofo, ma anche di mandorla. Il livello di sapore pu\u00f2 essere descritto come lieve - intenso a livello medio.<\/p>\n<p>In cucina, l'olio d'oliva pu\u00f2 essere utilizzato per tutte le ricette. Nella cucina fredda per insalate, marinate per antipasti o pesce e carne. Nella cucina calda per cotture a vapore, brasature e fritture. In relazione al suo utilizzo, \u00e8 importante notare che l'Olio di Oliva tollera bene il calore, come \u00e8 necessario per la frittura, ad esempio.<\/p>","protected":false},"excerpt":{"rendered":"<p>Olio di oliva toscano spremuto a freddo di altissima qualit\u00e0. Per piatti caldi e freddi. L'Olio Daniele proviene dallo stesso frantoio da oltre 30 anni.<\/p>\n<p>Prezzo per 100ml: Fr. 5.92<\/p>","protected":false},"featured_media":661101,"comment_status":"open","ping_status":"closed","template":"","meta":{"_acf_changed":false,"site-sidebar-layout":"default","site-content-layout":"","ast-site-content-layout":"default","site-content-style":"default","site-sidebar-style":"default","ast-global-header-display":"","ast-banner-title-visibility":"","ast-main-header-display":"","ast-hfb-above-header-display":"","ast-hfb-below-header-display":"","ast-hfb-mobile-header-display":"","site-post-title":"","ast-breadcrumbs-content":"","ast-featured-img":"","footer-sml-layout":"","ast-disable-related-posts":"","theme-transparent-header-meta":"","adv-header-id-meta":"","stick-header-meta":"","header-above-stick-meta":"","header-main-stick-meta":"","header-below-stick-meta":"","astra-migrate-meta-layouts":"default","ast-page-background-enabled":"default","ast-page-background-meta":{"desktop":{"background-color":"var(--ast-global-color-5)","background-image":"","background-repeat":"repeat","background-position":"center center","background-size":"auto","background-attachment":"scroll","background-type":"","background-media":"","overlay-type":"","overlay-color":"","overlay-opacity":"","overlay-gradient":""},"tablet":{"background-color":"","background-image":"","background-repeat":"repeat","background-position":"center center","background-size":"auto","background-attachment":"scroll","background-type":"","background-media":"","overlay-type":"","overlay-color":"","overlay-opacity":"","overlay-gradient":""},"mobile":{"background-color":"","background-image":"","background-repeat":"repeat","background-position":"center center","background-size":"auto","background-attachment":"scroll","background-type":"","background-media":"","overlay-type":"","overlay-color":"","overlay-opacity":"","overlay-gradient":""}},"ast-content-background-meta":{"desktop":{"background-color":"var(--ast-global-color-4)","background-image":"","background-repeat":"repeat","background-position":"center center","background-size":"auto","background-attachment":"scroll","background-type":"","background-media":"","overlay-type":"","overlay-color":"","overlay-opacity":"","overlay-gradient":""},"tablet":{"background-color":"var(--ast-global-color-4)","background-image":"","background-repeat":"repeat","background-position":"center center","background-size":"auto","background-attachment":"scroll","background-type":"","background-media":"","overlay-type":"","overlay-color":"","overlay-opacity":"","overlay-gradient":""},"mobile":{"background-color":"var(--ast-global-color-4)","background-image":"","background-repeat":"repeat","background-position":"center center","background-size":"auto","background-attachment":"scroll","background-type":"","background-media":"","overlay-type":"","overlay-color":"","overlay-opacity":"","overlay-gradient":""}}},"product_brand":[],"product_cat":[68],"product_tag":[122],"class_list":{"0":"post-427","1":"product","2":"type-product","3":"status-publish","4":"has-post-thumbnail","6":"product_cat-olio-di-oliva-olivenoel-extra-vergine","7":"product_tag-daniele","8":"desktop-align-left","9":"tablet-align-left","10":"mobile-align-left","12":"first","13":"instock","14":"taxable","15":"shipping-taxable","16":"purchasable","17":"product-type-simple"},"acf":[],"_links":{"self":[{"href":"https:\/\/daniele.shop\/it\/wp-json\/wp\/v2\/product\/427","targetHints":{"allow":["GET"]}}],"collection":[{"href":"https:\/\/daniele.shop\/it\/wp-json\/wp\/v2\/product"}],"about":[{"href":"https:\/\/daniele.shop\/it\/wp-json\/wp\/v2\/types\/product"}],"replies":[{"embeddable":true,"href":"https:\/\/daniele.shop\/it\/wp-json\/wp\/v2\/comments?post=427"}],"wp:featuredmedia":[{"embeddable":true,"href":"https:\/\/daniele.shop\/it\/wp-json\/wp\/v2\/media\/661101"}],"wp:attachment":[{"href":"https:\/\/daniele.shop\/it\/wp-json\/wp\/v2\/media?parent=427"}],"wp:term":[{"taxonomy":"product_brand","embeddable":true,"href":"https:\/\/daniele.shop\/it\/wp-json\/wp\/v2\/product_brand?post=427"},{"taxonomy":"product_cat","embeddable":true,"href":"https:\/\/daniele.shop\/it\/wp-json\/wp\/v2\/product_cat?post=427"},{"taxonomy":"product_tag","embeddable":true,"href":"https:\/\/daniele.shop\/it\/wp-json\/wp\/v2\/product_tag?post=427"}],"curies":[{"name":"wp","href":"https:\/\/api.w.org\/{rel}","templated":true}]}}