{"id":426,"date":"2015-04-20T18:57:54","date_gmt":"2015-04-20T17:57:54","guid":{"rendered":"https:\/\/daniele.shop\/?post_type=product&#038;p=426"},"modified":"2026-04-09T13:43:01","modified_gmt":"2026-04-09T11:43:01","slug":"aceto-balsamico-di-mele-condi-mela","status":"publish","type":"product","link":"https:\/\/daniele.shop\/it\/produkt\/condi-mela-apfel-balsamelessig\/","title":{"rendered":"Aceto balsamico di mele Condi Mela"},"content":{"rendered":"<h3 data-start=\"199\" data-end=\"264\"><strong data-start=\"203\" data-end=\"264\">Condi Mela - un aceto balsamico di sidro di mele con un potenziale di dipendenza<\/strong><\/h3>\n<p data-start=\"266\" data-end=\"551\">\u201eCi piace molto il Condimela!\u201c. - Questo \u00e8 ci\u00f2 che sentiamo spesso dire del nostro aceto balsamico di sidro di mele. Molti dicono addirittura che crea quasi una sorta di dipendenza, tanto \u00e8 buono. Non c'\u00e8 da stupirsi, perch\u00e9 Daniele lavora con la massima cura e passione per garantire che ogni dettaglio sia giusto.<\/p>\n<h3 data-start=\"942\" data-end=\"978\"><strong data-start=\"946\" data-end=\"978\">La creazione di Condi Mela<\/strong><\/h3>\n<p data-start=\"980\" data-end=\"1215\">Daniele si trovava spesso ad affrontare il problema dell'esaurimento dell'aceto balsamico chiaro a causa dell'elevata domanda. Non essendo disponibile altro succo d'uva, ha cercato un'alternativa. La soluzione: succo di mela al posto del succo d'uva.<\/p>\n<p data-start=\"980\" data-end=\"1215\">Il risultato \u00e8 Condi Mela, un aceto balsamico di alta qualit\u00e0, innovativo e regionale che delizia con la sua naturalezza e freschezza. Il sapore \u00e8 delicato, fruttato e perfettamente equilibrato: un autentico prodotto svizzero di qualit\u00e0.<\/p>\n<p data-start=\"980\" data-end=\"1215\">Condimela richiede succo di mela fresco della regione, una grande esperienza e uno spiccato senso per il perfetto equilibrio. Solo cos\u00ec si pu\u00f2 ottenere un sapore inconfondibile: l'intenso aroma di mela, l'armoniosa combinazione di acidit\u00e0 e fruttato e il bellissimo aspetto ambrato. Questa dedizione al prodotto \u00e8 ci\u00f2 che rende Condimela unica.<\/p>\n<h3 data-start=\"1463\" data-end=\"1497\"><strong data-start=\"1467\" data-end=\"1497\">Il nostro consiglio per il Condi Mela<\/strong><\/h3>\n<p data-start=\"1499\" data-end=\"1605\">L'aceto balsamico di sidro di mele d\u00e0 il meglio di s\u00e9 nelle insalate di verdure tiepide.<br data-start=\"1587\" data-end=\"1590\" \/>Un esempio:<\/p>\n<ol data-start=\"1607\" data-end=\"1855\">\n<li data-start=\"1607\" data-end=\"1730\">\n<p data-start=\"1610\" data-end=\"1730\">Affettare finemente il finocchio e mescolarlo con una <a href=\"https:\/\/daniele.shop\/it\/categoria-prodotto\/olio-di-oliva-extra-vergine\/\"><em data-start=\"1648\" data-end=\"1663\"><strong>Olio di Oliva<\/strong><\/em><\/a> Soffriggere fino a quando il colore \u00e8 chiaro ma croccante.<\/p>\n<\/li>\n<li data-start=\"1731\" data-end=\"1800\">\n<p data-start=\"1734\" data-end=\"1800\">Disporre su un piatto piano e condire con sale e pepe.<\/p>\n<\/li>\n<li data-start=\"1801\" data-end=\"1855\">\n<p data-start=\"1804\" data-end=\"1855\">Irrorare generosamente con la Condimela - fatto!<\/p>\n<\/li>\n<\/ol>\n<p data-start=\"1857\" data-end=\"2063\">Servite i finocchi con la trota affumicata e una fetta di pane \u201ech\u00fcschtig\u201c: un piatto semplice, sano e delizioso che esalta perfettamente il sapore della Condimela.<\/p>","protected":false},"excerpt":{"rendered":"<p>Aceto balsamico di sidro di mele, fine, fruttato e allo stesso tempo meravigliosamente piccante. Il Condi Mela di Daniele.<\/p>\n<p>Prezzo per 100ml (fino a 3000ml): Fr. 3.10<br \/>\nPrezzo per 100ml (da 3000ml): Fr. 2.49<\/p>","protected":false},"featured_media":661084,"comment_status":"open","ping_status":"closed","template":"","meta":{"_acf_changed":false,"site-sidebar-layout":"default","site-content-layout":"","ast-site-content-layout":"default","site-content-style":"default","site-sidebar-style":"default","ast-global-header-display":"","ast-banner-title-visibility":"","ast-main-header-display":"","ast-hfb-above-header-display":"","ast-hfb-below-header-display":"","ast-hfb-mobile-header-display":"","site-post-title":"","ast-breadcrumbs-content":"","ast-featured-img":"","footer-sml-layout":"","ast-disable-related-posts":"","theme-transparent-header-meta":"default","adv-header-id-meta":"","stick-header-meta":"default","header-above-stick-meta":"","header-main-stick-meta":"","header-below-stick-meta":"","astra-migrate-meta-layouts":"set","ast-page-background-enabled":"default","ast-page-background-meta":{"desktop":{"background-color":"var(--ast-global-color-5)","background-image":"","background-repeat":"repeat","background-position":"center center","background-size":"auto","background-attachment":"scroll","background-type":"","background-media":"","overlay-type":"","overlay-color":"","overlay-opacity":"","overlay-gradient":""},"tablet":{"background-color":"","background-image":"","background-repeat":"repeat","background-position":"center center","background-size":"auto","background-attachment":"scroll","background-type":"","background-media":"","overlay-type":"","overlay-color":"","overlay-opacity":"","overlay-gradient":""},"mobile":{"background-color":"","background-image":"","background-repeat":"repeat","background-position":"center center","background-size":"auto","background-attachment":"scroll","background-type":"","background-media":"","overlay-type":"","overlay-color":"","overlay-opacity":"","overlay-gradient":""}},"ast-content-background-meta":{"desktop":{"background-color":"var(--ast-global-color-4)","background-image":"","background-repeat":"repeat","background-position":"center center","background-size":"auto","background-attachment":"scroll","background-type":"","background-media":"","overlay-type":"","overlay-color":"","overlay-opacity":"","overlay-gradient":""},"tablet":{"background-color":"var(--ast-global-color-4)","background-image":"","background-repeat":"repeat","background-position":"center center","background-size":"auto","background-attachment":"scroll","background-type":"","background-media":"","overlay-type":"","overlay-color":"","overlay-opacity":"","overlay-gradient":""},"mobile":{"background-color":"var(--ast-global-color-4)","background-image":"","background-repeat":"repeat","background-position":"center center","background-size":"auto","background-attachment":"scroll","background-type":"","background-media":"","overlay-type":"","overlay-color":"","overlay-opacity":"","overlay-gradient":""}}},"product_brand":[],"product_cat":[184,188,187],"product_tag":[122],"class_list":{"0":"post-426","1":"product","2":"type-product","3":"status-publish","4":"has-post-thumbnail","6":"product_cat-apfel-balsamessig","7":"product_cat-balsamessig","8":"product_cat-grosspackungen-per-tutti-di-piu","9":"product_tag-daniele","10":"desktop-align-left","11":"tablet-align-left","12":"mobile-align-left","14":"first","15":"instock","16":"taxable","17":"shipping-taxable","18":"purchasable","19":"product-type-variable","20":"has-default-attributes"},"acf":[],"_links":{"self":[{"href":"https:\/\/daniele.shop\/it\/wp-json\/wp\/v2\/product\/426","targetHints":{"allow":["GET"]}}],"collection":[{"href":"https:\/\/daniele.shop\/it\/wp-json\/wp\/v2\/product"}],"about":[{"href":"https:\/\/daniele.shop\/it\/wp-json\/wp\/v2\/types\/product"}],"replies":[{"embeddable":true,"href":"https:\/\/daniele.shop\/it\/wp-json\/wp\/v2\/comments?post=426"}],"wp:featuredmedia":[{"embeddable":true,"href":"https:\/\/daniele.shop\/it\/wp-json\/wp\/v2\/media\/661084"}],"wp:attachment":[{"href":"https:\/\/daniele.shop\/it\/wp-json\/wp\/v2\/media?parent=426"}],"wp:term":[{"taxonomy":"product_brand","embeddable":true,"href":"https:\/\/daniele.shop\/it\/wp-json\/wp\/v2\/product_brand?post=426"},{"taxonomy":"product_cat","embeddable":true,"href":"https:\/\/daniele.shop\/it\/wp-json\/wp\/v2\/product_cat?post=426"},{"taxonomy":"product_tag","embeddable":true,"href":"https:\/\/daniele.shop\/it\/wp-json\/wp\/v2\/product_tag?post=426"}],"curies":[{"name":"wp","href":"https:\/\/api.w.org\/{rel}","templated":true}]}}