{"id":425,"date":"2015-04-20T18:57:24","date_gmt":"2015-04-20T17:57:24","guid":{"rendered":"https:\/\/daniele.shop\/?post_type=product&#038;p=425"},"modified":"2026-02-25T15:08:52","modified_gmt":"2026-02-25T14:08:52","slug":"condimento-balsamico-bianco-daniele","status":"publish","type":"product","link":"https:\/\/daniele.shop\/it\/produkt\/condimento-balsamico-bianco-daniele\/","title":{"rendered":"Condimento Balsamico Bianco Daniele"},"content":{"rendered":"<h3 data-start=\"276\" data-end=\"353\">Condimento Bianco dalla Svizzera - aceto balsamico di colore chiaro con una fine freschezza<\/h3>\n<p data-start=\"355\" data-end=\"712\">Condimento Bianco - non ha solo un suono elegante, ma anche un sapore. Questo aceto balsamico di colore chiaro \u00e8 prodotto a Sciaffusa con mosto d'uva Riesling-Silvaner e matura per circa un anno in botti di rovere. Il risultato \u00e8 un aceto fruttato ed equilibrato, con una delicata acidit\u00e0, raffinati aromi terziari e un colore ambrato piacevolmente chiaro.<\/p>\n<p data-start=\"714\" data-end=\"1149\">Il Condimento Balsamico Bianco di Daniele, prodotto a livello regionale, \u00e8 la scelta ideale se cercate un aceto balsamico bianco che arricchisca i vostri piatti senza sovrastarli. Che si tratti di insalate a foglia, formaggi freschi, pesce o crostacei, questo condimento apporta freschezza e profondit\u00e0 allo stesso tempo. Particolarmente attraente: grazie al suo colore chiaro, gli ingredienti colorati come le foglie di insalata rimangono visivamente brillanti, mentre un aroma finemente bilanciato si sviluppa in sottofondo.<\/p>","protected":false},"excerpt":{"rendered":"<p>Fresco, sapido, fruttato - armonioso e interessante: il Condimento a base di mosto d'uva Riesling Silvaner.<\/p>\n<p>Prezzo per 100 ml (fino a 500 ml): CHF 4.35<br \/>\nPrezzo per 100ml (da 500ml): CHF 3.78<br \/>\nPrezzo per 100ml (da 3000ml): CHF 3.08<\/p>","protected":false},"featured_media":661546,"comment_status":"open","ping_status":"closed","template":"","meta":{"_acf_changed":false,"site-sidebar-layout":"default","site-content-layout":"","ast-site-content-layout":"default","site-content-style":"default","site-sidebar-style":"default","ast-global-header-display":"","ast-banner-title-visibility":"","ast-main-header-display":"","ast-hfb-above-header-display":"","ast-hfb-below-header-display":"","ast-hfb-mobile-header-display":"","site-post-title":"","ast-breadcrumbs-content":"","ast-featured-img":"","footer-sml-layout":"","ast-disable-related-posts":"","theme-transparent-header-meta":"default","adv-header-id-meta":"","stick-header-meta":"default","header-above-stick-meta":"","header-main-stick-meta":"","header-below-stick-meta":"","astra-migrate-meta-layouts":"set","ast-page-background-enabled":"default","ast-page-background-meta":{"desktop":{"background-color":"var(--ast-global-color-5)","background-image":"","background-repeat":"repeat","background-position":"center center","background-size":"auto","background-attachment":"scroll","background-type":"","background-media":"","overlay-type":"","overlay-color":"","overlay-opacity":"","overlay-gradient":""},"tablet":{"background-color":"","background-image":"","background-repeat":"repeat","background-position":"center center","background-size":"auto","background-attachment":"scroll","background-type":"","background-media":"","overlay-type":"","overlay-color":"","overlay-opacity":"","overlay-gradient":""},"mobile":{"background-color":"","background-image":"","background-repeat":"repeat","background-position":"center center","background-size":"auto","background-attachment":"scroll","background-type":"","background-media":"","overlay-type":"","overlay-color":"","overlay-opacity":"","overlay-gradient":""}},"ast-content-background-meta":{"desktop":{"background-color":"var(--ast-global-color-4)","background-image":"","background-repeat":"repeat","background-position":"center center","background-size":"auto","background-attachment":"scroll","background-type":"","background-media":"","overlay-type":"","overlay-color":"","overlay-opacity":"","overlay-gradient":""},"tablet":{"background-color":"var(--ast-global-color-4)","background-image":"","background-repeat":"repeat","background-position":"center center","background-size":"auto","background-attachment":"scroll","background-type":"","background-media":"","overlay-type":"","overlay-color":"","overlay-opacity":"","overlay-gradient":""},"mobile":{"background-color":"var(--ast-global-color-4)","background-image":"","background-repeat":"repeat","background-position":"center center","background-size":"auto","background-attachment":"scroll","background-type":"","background-media":"","overlay-type":"","overlay-color":"","overlay-opacity":"","overlay-gradient":""}}},"product_brand":[],"product_cat":[188,187,66],"product_tag":[122],"class_list":{"0":"post-425","1":"product","2":"type-product","3":"status-publish","4":"has-post-thumbnail","6":"product_cat-balsamessig","7":"product_cat-grosspackungen-per-tutti-di-piu","8":"product_cat-condimento-bianco","9":"product_tag-daniele","10":"desktop-align-left","11":"tablet-align-left","12":"mobile-align-left","14":"first","15":"instock","16":"taxable","17":"shipping-taxable","18":"purchasable","19":"product-type-variable","20":"has-default-attributes"},"acf":[],"_links":{"self":[{"href":"https:\/\/daniele.shop\/it\/wp-json\/wp\/v2\/product\/425","targetHints":{"allow":["GET"]}}],"collection":[{"href":"https:\/\/daniele.shop\/it\/wp-json\/wp\/v2\/product"}],"about":[{"href":"https:\/\/daniele.shop\/it\/wp-json\/wp\/v2\/types\/product"}],"replies":[{"embeddable":true,"href":"https:\/\/daniele.shop\/it\/wp-json\/wp\/v2\/comments?post=425"}],"wp:featuredmedia":[{"embeddable":true,"href":"https:\/\/daniele.shop\/it\/wp-json\/wp\/v2\/media\/661546"}],"wp:attachment":[{"href":"https:\/\/daniele.shop\/it\/wp-json\/wp\/v2\/media?parent=425"}],"wp:term":[{"taxonomy":"product_brand","embeddable":true,"href":"https:\/\/daniele.shop\/it\/wp-json\/wp\/v2\/product_brand?post=425"},{"taxonomy":"product_cat","embeddable":true,"href":"https:\/\/daniele.shop\/it\/wp-json\/wp\/v2\/product_cat?post=425"},{"taxonomy":"product_tag","embeddable":true,"href":"https:\/\/daniele.shop\/it\/wp-json\/wp\/v2\/product_tag?post=425"}],"curies":[{"name":"wp","href":"https:\/\/api.w.org\/{rel}","templated":true}]}}