{"id":657828,"date":"2020-09-22T12:12:10","date_gmt":"2020-09-22T11:12:10","guid":{"rendered":"https:\/\/daniele.shop\/?page_id=657828"},"modified":"2025-11-03T16:43:25","modified_gmt":"2025-11-03T15:43:25","slug":"impronta","status":"publish","type":"page","link":"https:\/\/daniele.shop\/it\/impressum\/","title":{"rendered":"Impronta"},"content":{"rendered":"<p>La seguente societ\u00e0 gestisce il sito web \u201chttps:\/\/daniele.shop\u201c.\u201c<\/p>\n\n\n\n<p>Daniele Gaumenschmaus GmbH<br>Fronwagplatz 7<br>8200 Schaffhausen<\/p>\n\n\n\n<p>Telefono: +41 (0)52 625 82 70<\/p>\n\n\n\n<p>E-mail: <a href=\"mailto:mail@daniele.shop\" class=\"rank-math-link\">mail@daniele.shop<\/a><\/p>\n\n\n\n<p>Responsabile della rappresentanza legale \u00e8: Marco D. Peruch, Schaffhausen (Amministratore delegato).<\/p>\n\n\n\n<p>Di seguito le nostre identificazioni<\/p>\n\n\n\n<figure class=\"wp-block-table\"><table class=\"has-fixed-layout\"><tbody><tr><td>Numero di imposta sul valore aggiunto (IVA)<\/td><td>CHE-396.777.092 MWST<\/td><\/tr><tr><td>Numero di identificazione della societ\u00e0 (UID)<\/td><td>CHE-396.777.092<\/td><\/tr><tr><td>Registrazione commerciale (CH-ID)<\/td><td>CH-290-4017911-8<\/td><\/tr><\/tbody><\/table><\/figure>\n\n\n\n<h3 class=\"wp-block-heading\">Crediti<\/h3>\n\n\n\n<p>Progettazione, tecnologia e manutenzione: <a href=\"https:\/\/hingucker.ch\/\" data-type=\"link\" data-id=\"https:\/\/hingucker.ch\/\" target=\"_blank\" rel=\"noopener\">Occhio al mare<\/a>, Sciaffusa<br>Testo: Marco Peruch, Sciaffusa<br>Fotografia e videografia: Marco Peruch, Schaffhausen, <a href=\"https:\/\/www.fortuna-production.com\/\" data-type=\"link\" data-id=\"https:\/\/www.fortuna-production.com\/\" target=\"_blank\" rel=\"noopener\">Luca Fortuna<\/a>, Sciaffusa<br>Icone di pagamento da <a href=\"https:\/\/50north.de\/kostenlose-payment-icons-fuer-den-europaeischen-markt\/\" target=\"_blank\" rel=\"noopener noreferrer\">50\u00b0NORD<\/a>, ai sensi del&nbsp;<a href=\"https:\/\/creativecommons.org\/licenses\/by\/4.0\/\" target=\"_blank\" rel=\"noopener noreferrer\">CC BY<\/a> Licenza.<\/p>\n\n\n\n<h3 class=\"wp-block-heading\">Propriet\u00e0 intellettuale<\/h3>\n\n\n\n<p>Il contenuto del negozio online \u00e8 propriet\u00e0 intellettuale di Daniele Gaumenschmaus GmbH con sede a Sciaffusa (di seguito \u00abDaniele\u00bb) ed \u00e8 pertanto protetto. I testi sono di propriet\u00e0 di Daniele. Le immagini e i video sono di propriet\u00e0 di Daniele. L'assenza di riferimenti a partner con marchi registrati sul sito non implica una violazione del marchio.<\/p>\n\n\n\n<p>L'utente del sito web pu\u00f2 utilizzare descrizioni, spiegazioni, specifiche e illustrazioni solo per uso privato. Le citazioni a scopo commerciale e\/o pubblico richiedono l'autorizzazione scritta di Daniele.<\/p>","protected":false},"excerpt":{"rendered":"<p>Die folgende Firma betreibt die Website \u201chttps:\/\/daniele.shop\u201c Daniele Gaumenschmaus GmbHFronwagplatz 78200 Schaffhausen Telefon: +41 (0)52 625 82 70 Email: mail@daniele.shop [&hellip;]<\/p>\n","protected":false},"author":4,"featured_media":0,"parent":0,"menu_order":0,"comment_status":"closed","ping_status":"closed","template":"","meta":{"_acf_changed":false,"site-sidebar-layout":"default","site-content-layout":"","ast-site-content-layout":"default","site-content-style":"default","site-sidebar-style":"default","ast-global-header-display":"","ast-banner-title-visibility":"","ast-main-header-display":"","ast-hfb-above-header-display":"","ast-hfb-below-header-display":"","ast-hfb-mobile-header-display":"","site-post-title":"","ast-breadcrumbs-content":"","ast-featured-img":"","footer-sml-layout":"","ast-disable-related-posts":"","theme-transparent-header-meta":"","adv-header-id-meta":"","stick-header-meta":"","header-above-stick-meta":"","header-main-stick-meta":"","header-below-stick-meta":"","astra-migrate-meta-layouts":"default","ast-page-background-enabled":"default","ast-page-background-meta":{"desktop":{"background-color":"var(--ast-global-color-5)","background-image":"","background-repeat":"repeat","background-position":"center center","background-size":"auto","background-attachment":"scroll","background-type":"","background-media":"","overlay-type":"","overlay-color":"","overlay-opacity":"","overlay-gradient":""},"tablet":{"background-color":"","background-image":"","background-repeat":"repeat","background-position":"center center","background-size":"auto","background-attachment":"scroll","background-type":"","background-media":"","overlay-type":"","overlay-color":"","overlay-opacity":"","overlay-gradient":""},"mobile":{"background-color":"","background-image":"","background-repeat":"repeat","background-position":"center center","background-size":"auto","background-attachment":"scroll","background-type":"","background-media":"","overlay-type":"","overlay-color":"","overlay-opacity":"","overlay-gradient":""}},"ast-content-background-meta":{"desktop":{"background-color":"var(--ast-global-color-4)","background-image":"","background-repeat":"repeat","background-position":"center center","background-size":"auto","background-attachment":"scroll","background-type":"","background-media":"","overlay-type":"","overlay-color":"","overlay-opacity":"","overlay-gradient":""},"tablet":{"background-color":"var(--ast-global-color-4)","background-image":"","background-repeat":"repeat","background-position":"center center","background-size":"auto","background-attachment":"scroll","background-type":"","background-media":"","overlay-type":"","overlay-color":"","overlay-opacity":"","overlay-gradient":""},"mobile":{"background-color":"var(--ast-global-color-4)","background-image":"","background-repeat":"repeat","background-position":"center center","background-size":"auto","background-attachment":"scroll","background-type":"","background-media":"","overlay-type":"","overlay-color":"","overlay-opacity":"","overlay-gradient":""}},"footnotes":""},"class_list":["post-657828","page","type-page","status-publish","hentry"],"acf":[],"_links":{"self":[{"href":"https:\/\/daniele.shop\/it\/wp-json\/wp\/v2\/pages\/657828","targetHints":{"allow":["GET"]}}],"collection":[{"href":"https:\/\/daniele.shop\/it\/wp-json\/wp\/v2\/pages"}],"about":[{"href":"https:\/\/daniele.shop\/it\/wp-json\/wp\/v2\/types\/page"}],"author":[{"embeddable":true,"href":"https:\/\/daniele.shop\/it\/wp-json\/wp\/v2\/users\/4"}],"replies":[{"embeddable":true,"href":"https:\/\/daniele.shop\/it\/wp-json\/wp\/v2\/comments?post=657828"}],"version-history":[{"count":7,"href":"https:\/\/daniele.shop\/it\/wp-json\/wp\/v2\/pages\/657828\/revisions"}],"predecessor-version":[{"id":661140,"href":"https:\/\/daniele.shop\/it\/wp-json\/wp\/v2\/pages\/657828\/revisions\/661140"}],"wp:attachment":[{"href":"https:\/\/daniele.shop\/it\/wp-json\/wp\/v2\/media?parent=657828"}],"curies":[{"name":"wp","href":"https:\/\/api.w.org\/{rel}","templated":true}]}}