{"id":59,"date":"2014-12-03T21:49:20","date_gmt":"2014-12-03T20:49:20","guid":{"rendered":"https:\/\/daniele.shop\/?page_id=59"},"modified":"2025-10-30T09:53:52","modified_gmt":"2025-10-30T08:53:52","slug":"chi-siamo-2","status":"publish","type":"page","link":"https:\/\/daniele.shop\/it\/ueber-uns\/","title":{"rendered":"Chi siamo"},"content":{"rendered":"<figure class=\"wp-block-image alignwide size-large is-style-rounded\"><img loading=\"lazy\" decoding=\"async\" width=\"1200\" height=\"800\" src=\"https:\/\/daniele.shop\/wp-content\/uploads\/MaRco_Daniele_Acetaia-1200x800.jpg\" alt=\"Batteria di barili con Marco e Daniele davanti a s\u00e9\" class=\"wp-image-659253\" srcset=\"https:\/\/daniele.shop\/wp-content\/uploads\/MaRco_Daniele_Acetaia-1200x800.jpg 1200w, https:\/\/daniele.shop\/wp-content\/uploads\/MaRco_Daniele_Acetaia-1000x667.jpg 1000w, https:\/\/daniele.shop\/wp-content\/uploads\/MaRco_Daniele_Acetaia-64x43.jpg 64w, https:\/\/daniele.shop\/wp-content\/uploads\/MaRco_Daniele_Acetaia-500x333.jpg 500w, https:\/\/daniele.shop\/wp-content\/uploads\/MaRco_Daniele_Acetaia-768x512.jpg 768w, https:\/\/daniele.shop\/wp-content\/uploads\/MaRco_Daniele_Acetaia-640x427.jpg 640w, https:\/\/daniele.shop\/wp-content\/uploads\/MaRco_Daniele_Acetaia.jpg 1234w\" sizes=\"auto, (max-width: 1200px) 100vw, 1200px\" \/><\/figure>\n\n\n\n<h2 class=\"wp-block-heading\">Chi siamo<\/h2>\n\n\n\n<div class=\"wp-block-columns is-layout-flex wp-container-core-columns-is-layout-28f84493 wp-block-columns-is-layout-flex\">\n<div class=\"wp-block-column is-layout-flow wp-block-column-is-layout-flow\">\n<figure class=\"wp-block-image aligncenter size-large is-resized is-style-rounded\"><img loading=\"lazy\" decoding=\"async\" width=\"800\" height=\"800\" src=\"https:\/\/daniele.shop\/wp-content\/uploads\/2017\/11\/DanielePeruch-min.jpg\" alt=\"\" class=\"wp-image-2084\" style=\"width:250px;height:250px\" srcset=\"https:\/\/daniele.shop\/wp-content\/uploads\/2017\/11\/DanielePeruch-min.jpg 800w, https:\/\/daniele.shop\/wp-content\/uploads\/2017\/11\/DanielePeruch-min-600x600.jpg 600w, https:\/\/daniele.shop\/wp-content\/uploads\/2017\/11\/DanielePeruch-min-100x100.jpg 100w, https:\/\/daniele.shop\/wp-content\/uploads\/2017\/11\/DanielePeruch-min-64x64.jpg 64w, https:\/\/daniele.shop\/wp-content\/uploads\/2017\/11\/DanielePeruch-min-250x250.jpg 250w, https:\/\/daniele.shop\/wp-content\/uploads\/2017\/11\/DanielePeruch-min-300x300.jpg 300w, https:\/\/daniele.shop\/wp-content\/uploads\/2017\/11\/DanielePeruch-min-768x768.jpg 768w, https:\/\/daniele.shop\/wp-content\/uploads\/2017\/11\/DanielePeruch-min-400x400.jpg 400w\" sizes=\"auto, (max-width: 800px) 100vw, 800px\" \/><\/figure>\n\n\n\n<h4 class=\"wp-block-heading has-text-align-center\">Daniele Peruch<\/h4>\n\n\n\n<p class=\"has-text-align-center\">Il padre. Produce l'incomparabile aceto.<\/p>\n<\/div>\n\n\n\n<div class=\"wp-block-column is-layout-flow wp-block-column-is-layout-flow\">\n<figure class=\"wp-block-image aligncenter size-large is-resized is-style-rounded\"><img loading=\"lazy\" decoding=\"async\" width=\"800\" height=\"800\" src=\"https:\/\/daniele.shop\/wp-content\/uploads\/2017\/11\/UrsulaPeruch-min.jpg\" alt=\"\" class=\"wp-image-2092\" style=\"width:250px;height:250px\" srcset=\"https:\/\/daniele.shop\/wp-content\/uploads\/2017\/11\/UrsulaPeruch-min.jpg 800w, https:\/\/daniele.shop\/wp-content\/uploads\/2017\/11\/UrsulaPeruch-min-600x600.jpg 600w, https:\/\/daniele.shop\/wp-content\/uploads\/2017\/11\/UrsulaPeruch-min-100x100.jpg 100w, https:\/\/daniele.shop\/wp-content\/uploads\/2017\/11\/UrsulaPeruch-min-64x64.jpg 64w, https:\/\/daniele.shop\/wp-content\/uploads\/2017\/11\/UrsulaPeruch-min-250x250.jpg 250w, https:\/\/daniele.shop\/wp-content\/uploads\/2017\/11\/UrsulaPeruch-min-300x300.jpg 300w, https:\/\/daniele.shop\/wp-content\/uploads\/2017\/11\/UrsulaPeruch-min-768x768.jpg 768w, https:\/\/daniele.shop\/wp-content\/uploads\/2017\/11\/UrsulaPeruch-min-400x400.jpg 400w\" sizes=\"auto, (max-width: 800px) 100vw, 800px\" \/><\/figure>\n\n\n\n<h4 class=\"wp-block-heading has-text-align-center\">Ursula Peruch<\/h4>\n\n\n\n<p class=\"has-text-align-center\">La mamma. D\u00e0 un bell'aspetto al posto. Sempre pi\u00f9 attiva sullo sfondo - in prima linea quando le cose scottano.<\/p>\n<\/div>\n\n\n\n<div class=\"wp-block-column is-layout-flow wp-block-column-is-layout-flow\">\n<figure class=\"wp-block-image aligncenter size-large is-resized is-style-rounded\"><img loading=\"lazy\" decoding=\"async\" width=\"800\" height=\"800\" src=\"https:\/\/daniele.shop\/wp-content\/uploads\/2017\/11\/MarcoPeruch-min.jpg\" alt=\"\" class=\"wp-image-2088\" style=\"width:250px;height:250px\" srcset=\"https:\/\/daniele.shop\/wp-content\/uploads\/2017\/11\/MarcoPeruch-min.jpg 800w, https:\/\/daniele.shop\/wp-content\/uploads\/2017\/11\/MarcoPeruch-min-600x600.jpg 600w, https:\/\/daniele.shop\/wp-content\/uploads\/2017\/11\/MarcoPeruch-min-100x100.jpg 100w, https:\/\/daniele.shop\/wp-content\/uploads\/2017\/11\/MarcoPeruch-min-64x64.jpg 64w, https:\/\/daniele.shop\/wp-content\/uploads\/2017\/11\/MarcoPeruch-min-250x250.jpg 250w, https:\/\/daniele.shop\/wp-content\/uploads\/2017\/11\/MarcoPeruch-min-300x300.jpg 300w, https:\/\/daniele.shop\/wp-content\/uploads\/2017\/11\/MarcoPeruch-min-768x768.jpg 768w, https:\/\/daniele.shop\/wp-content\/uploads\/2017\/11\/MarcoPeruch-min-400x400.jpg 400w\" sizes=\"auto, (max-width: 800px) 100vw, 800px\" \/><\/figure>\n\n\n\n<h4 class=\"wp-block-heading has-text-align-center\">Marco Peruch<\/h4>\n\n\n\n<p class=\"has-text-align-center\">Il giovane. Acquista, amministra, pubblicizza e vende - capo. Seconda generazione - ha rilevato l'azienda nel 2020.<\/p>\n\n\n\n<p class=\"has-text-align-center\"><a href=\"mailto:marco.peruch@daniele.shop\" class=\"rank-math-link\">marco.peruch@daniele.shop<\/a><\/p>\n<\/div>\n<\/div>\n\n\n\n<div class=\"wp-block-columns is-layout-flex wp-container-core-columns-is-layout-28f84493 wp-block-columns-is-layout-flex\">\n<div class=\"wp-block-column is-layout-flow wp-block-column-is-layout-flow\">\n<h4 class=\"wp-block-heading has-text-align-center\">Michelle Peruch<\/h4>\n\n\n\n<p class=\"has-text-align-center\">Ora \u00e8 mamma (di nuovo). Nostra figlia e suo marito sono seguiti molto bene. <\/p>\n<\/div>\n\n\n\n<div class=\"wp-block-column is-layout-flow wp-block-column-is-layout-flow\">\n<h4 class=\"wp-block-heading has-text-align-center\">Rita Niederh\u00e4user<\/h4>\n\n\n\n<p class=\"has-text-align-center\">Consiglia e vende in negozio. Ci sostiene nelle giornate pi\u00f9 difficili.<\/p>\n<\/div>\n\n\n\n<div class=\"wp-block-column is-layout-flow wp-block-column-is-layout-flow\">\n<h4 class=\"wp-block-heading has-text-align-center\">Elsbeth Gysel<\/h4>\n\n\n\n<p class=\"has-text-align-center\">La nostra laboriosa forza vendita. Celebrazione di un anniversario - parte dell'inventario.<\/p>\n<\/div>\n<\/div>\n\n\n\n<div class=\"wp-block-columns is-layout-flex wp-container-core-columns-is-layout-28f84493 wp-block-columns-is-layout-flex\">\n<div class=\"wp-block-column is-layout-flow wp-block-column-is-layout-flow\">\n<h4 class=\"wp-block-heading has-text-align-center\">Ursula Tanner<\/h4>\n\n\n\n<p class=\"has-text-align-center\">Si butta subito nell'azione e si impegna per i nostri clienti. Questo ci rende felici: benvenuti! <\/p>\n<\/div>\n\n\n\n<div class=\"wp-block-column is-layout-flow wp-block-column-is-layout-flow\">\n<h4 class=\"wp-block-heading has-text-align-center\">Laura Piani<\/h4>\n\n\n\n<p class=\"has-text-align-center\">Giovane, vuole sapere. Energica ed entusiasta, serve i nostri clienti con un grande cuore!<\/p>\n<\/div>\n<\/div>\n\n\n\n<div class=\"wp-block-columns is-layout-flex wp-container-core-columns-is-layout-28f84493 wp-block-columns-is-layout-flex\">\n<div class=\"wp-block-column is-layout-flow wp-block-column-is-layout-flow\">\n<h4 class=\"wp-block-heading has-text-align-center\">Eswaran Thurairajah<\/h4>\n\n\n\n<p class=\"has-text-align-center\">Responsabile della produzione in cucina. Prepara le meravigliose lasagne. Membro fedele del nostro staff dal 1996.<\/p>\n<\/div>\n\n\n\n<div class=\"wp-block-column is-layout-flow wp-block-column-is-layout-flow\">\n<h4 class=\"wp-block-heading has-text-align-center\">Balasubramaniam Srimurukananthan<\/h4>\n\n\n\n<p class=\"has-text-align-center\">Responsabile della produzione di pasta fresca. Realizza ravioli con ripieni gustosi, taglia la pasta o gli gnocchi.<\/p>\n<\/div>\n\n\n\n<div class=\"wp-block-column is-layout-flow wp-block-column-is-layout-flow\">\n<h4 class=\"wp-block-heading has-text-align-center\">Sutharsan Subramaniam<\/h4>\n\n\n\n<p class=\"has-text-align-center\">Impiegato di produzione. Supporta i reparti di pasta fresca e di cucina. Mano nella mano: \u00e8 cos\u00ec che funziona il lavoro di squadra!<\/p>\n<\/div>\n<\/div>\n\n\n\n<div class=\"wp-block-columns is-layout-flex wp-container-core-columns-is-layout-28f84493 wp-block-columns-is-layout-flex\">\n<div class=\"wp-block-column is-layout-flow wp-block-column-is-layout-flow\">\n<h4 class=\"wp-block-heading has-text-align-center\"><\/h4>\n<\/div>\n<\/div>\n\n\n\n<h2 class=\"wp-block-heading\">Come siamo cresciuti<\/h2>\n\n\n\n<div class=\"wp-block-ugb-accordion ugb-accordion ugb-7ae8c43 ugb-dfaf4b1 ugb-accordion--v2 ugb-accordion--design-basic ugb-accordion--open ugb-main-block\" aria-expanded=\"true\"><div class=\"ugb-inner-block\"><div class=\"ugb-block-content\"><div class=\"ugb-accordion__item\"><div class=\"ugb-accordion__heading\" role=\"button\" tabindex=\"0\"><h4 class=\"ugb-accordion__title\">Prodotti di vendita<\/h4><svg xmlns=\"http:\/\/www.w3.org\/2000\/svg\" viewbox=\"0 0 20 20\" class=\"ugb-accordion__arrow\" width=\"20\" height=\"20\"><path d=\"M16.7 3.3L10 10 3.3 3.4 0 6.7l10 10v-.1l10-9.9z\"><\/path><\/svg><\/div><div class=\"ugb-accordion__content\" role=\"region\"><div class=\"ugb-accordion__content-inner\">\n<p>Daniele ha il fiuto giusto quando si tratta di delizie culinarie provenienti dall'Italia: oltre ai fornitori collaudati e selezionati a mano con i loro prodotti popolari, con alcuni dei quali hanno rapporti commerciali (no, quasi familiari!) da oltre 30 anni, la famiglia Peruch \u00e8 costantemente alla ricerca di nuove e pregiate specialit\u00e0. E preferisce trovarle da aziende piccole e affidabili (a conduzione familiare): Tutte le specialit\u00e0 importate sono fatte in casa, solo da qualcuno.<\/p>\n\n\n\n<p>Daniele \u00e8 in contatto con centinaia di fornitori per i suoi clienti, anno dopo anno. Circa ottanta volte all'anno - quasi due volte alla settimana - il camion si ferma con il delizioso carico, portando un pezzo d'Italia a Sciaffusa: in modo che possiate acquistarlo fresco e convenientemente nelle immediate vicinanze.<\/p>\n<\/div><\/div><\/div><\/div><\/div><\/div>\n\n\n\n<div class=\"wp-block-ugb-accordion ugb-accordion ugb-0915514 ugb-6998eb6 ugb-accordion--v2 ugb-accordion--design-basic ugb-main-block\" aria-expanded=\"false\"><div class=\"ugb-inner-block\"><div class=\"ugb-block-content\"><div class=\"ugb-accordion__item\"><div class=\"ugb-accordion__heading\" role=\"button\" tabindex=\"0\"><h4 class=\"ugb-accordion__title\">La nostra storia<\/h4><svg xmlns=\"http:\/\/www.w3.org\/2000\/svg\" viewbox=\"0 0 20 20\" class=\"ugb-accordion__arrow\" width=\"20\" height=\"20\"><path d=\"M16.7 3.3L10 10 3.3 3.4 0 6.7l10 10v-.1l10-9.9z\"><\/path><\/svg><\/div><div class=\"ugb-accordion__content\" role=\"region\"><div class=\"ugb-accordion__content-inner\">\n<p>Daniele Peruch ha fondato Einzelfima Pasta Pizza Daniele insieme alla moglie Ursula. Il negozio \u00e8 stato aperto nella citt\u00e0 bassa nel 1985. All'epoca, i clienti trovavano nel negozio un piccolo assortimento della migliore cucina italiana.<\/p>\n\n\n\n<p>La pasta veniva inizialmente preparata fresca per ogni cliente: il cliente osservava Daniele mentre preparava i ravioli.<\/p>\n\n\n\n<p>La citt\u00e0 bassa divenne presto troppo angusta per Daniele e si present\u00f2 una nuova opportunit\u00e0 in Fronwagplatz 7, l'attuale sede del negozio. Fortunatamente, nello stesso periodo fu trovato un sito di produzione, direttamente sul Reno. Per la prima volta, quindi, la produzione e le vendite furono separate.<\/p>\n\n\n\n<p>Daniele ora vende le sue specialit\u00e0 di pasta nell'elegante Haus zun Metzgern in Fronwagplatz 7 e le produce nell'ex laboratorio di una torrefazione di caff\u00e8. La storia di Daniele non poteva essere meglio abbinata al cibo. Il progetto intergenerazionale Aceto Balsamico - produzione interna \u00e8 stato avviato nel 1999. La prima grande produzione pilota e il riempimento dei barili hanno avuto luogo. Come pioniere, Daniele ha acquisito da solo tutte le conoscenze sull'aceto balsamico. Inoltre, ha raccolto da solo il capitale di rischio necessario. Una banca non ha voluto prefinanziare il progetto. Ha funzionato: nel 2002, il signor Couchepin (consigliere federale in pensione) ha consegnato una medaglia d'oro a nome del Consiglio federale svizzero. Il Consiglio ha premiato l'uso innovativo del mosto d'uva Pinot Nero regionale con il massimo riconoscimento. Nell'ambito dell'intero concorso, \u00e8 stato sufficiente per ottenere il secondo posto assoluto su oltre 50 progetti presentati.<\/p>\n\n\n\n<p>All'indirizzo di Daniele e Ursula le condizioni si fecero nuovamente difficili: la produzione di aceto aveva urgentemente bisogno di pi\u00f9 spazio. Con un altro colpo di fortuna, il comune di Sciaffusa acquist\u00f2 un terreno con diritti edificatori. Il centro di produzione della Merishausertal, che nel frattempo \u00e8 stato nuovamente ampliato, si trova in questo sito.<\/p>\n<\/div><\/div><\/div><\/div><\/div><\/div>\n\n\n\n<div class=\"wp-block-ugb-accordion ugb-accordion ugb-f6e2c31 ugb-5ac1562 ugb-accordion--v2 ugb-accordion--design-basic ugb-main-block\" aria-expanded=\"false\"><div class=\"ugb-inner-block\"><div class=\"ugb-block-content\"><div class=\"ugb-accordion__item\"><div class=\"ugb-accordion__heading\" role=\"button\" tabindex=\"0\"><h4 class=\"ugb-accordion__title\">La manifattura<\/h4><svg xmlns=\"http:\/\/www.w3.org\/2000\/svg\" viewbox=\"0 0 20 20\" class=\"ugb-accordion__arrow\" width=\"20\" height=\"20\"><path d=\"M16.7 3.3L10 10 3.3 3.4 0 6.7l10 10v-.1l10-9.9z\"><\/path><\/svg><\/div><div class=\"ugb-accordion__content\" role=\"region\"><div class=\"ugb-accordion__content-inner\">\n<p>Daniele \u00e8 specializzato nella produzione interna di aceto balsamico e pasta. Le due specialit\u00e0 sono tradizionalmente prodotte in locali separati dell'edificio di produzione: In una met\u00e0 dell'edificio si trova l'acetaia, il luogo in cui matura l'aceto. La produzione di pasta si trova nell'altra met\u00e0 dell'edificio.<\/p>\n\n\n\n<p>La campagna di produzione dell'aceto balsamico inizia con la prima vendemmia nel cantone di Sciaffusa e termina circa 4 mesi dopo. Durante l'anno, l'uva viene svuotata in oltre 100 barili di legno. La pasta viene preparata fresca ogni giorno. Quando apriamo al mattino, il nostro negozio espone ogni giorno diverse decine di specialit\u00e0 fresche. La pasta \u00e8 presentata in modo impeccabile e si ricevono gratuitamente i consigli per la preparazione.<\/p>\n\n\n\n<p>Per Daniele, il fatto in casa \u00e8 sinonimo di sapore intenso, produzione regionale, ricette tradizionali e passione per il buon cibo e il divertimento. L'ampio assortimento di Daniele \u00e8 completato dalle sue importazioni. Dall'aperitivo al dessert, nel nostro negozio specializzato troverete squisite specialit\u00e0 Comestibile. Direttamente dal produttore: le nostre importazioni di vino, prosecco, grappa, risotti, specialit\u00e0 al tartufo, pasta, salse, snack, panettoni e cos\u00ec via. Per Daniele \u00e8 molto importante sapere che i nostri clienti ricevono solo il cibo migliore, quasi come se fosse fatto in casa.<\/p>\n\n\n\n<p>I rapporti di lunga data con i fornitori garantiscono una qualit\u00e0 costantemente elevata in termini di sapore e aspetto.<\/p>\n<\/div><\/div><\/div><\/div><\/div><\/div>\n\n\n\n<h2 class=\"wp-block-heading\">Dove siamo oggi<\/h2>\n\n\n\n<iframe loading=\"lazy\" src=\"https:\/\/www.google.com\/maps\/embed?pb=!1m18!1m12!1m3!1d2685.3660728185478!2d8.63102391563365!3d47.69672997919071!2m3!1f0!2f0!3f0!3m2!1i1024!2i768!4f13.1!3m3!1m2!1s0x47907f67436042cf%3A0xc376ac7408195c67!2sDaniele%20Gaumenschmaus%20GmbH!5e0!3m2!1sde!2sch!4v1600082404800!5m2!1sde!2sch\" style=\"border:0;\" allowfullscreen=\"\" aria-hidden=\"false\" tabindex=\"0\" width=\"100%\" height=\"450\" frameborder=\"0\"><\/iframe>","protected":false},"excerpt":{"rendered":"<p>Wer wir sind Daniele Peruch Der Vater. Produziert den unvergleichlich feinen Aceto. Ursula Peruch Die Mutter. Richtet den Laden sch\u00f6n [&hellip;]<\/p>\n","protected":false},"author":1,"featured_media":0,"parent":0,"menu_order":0,"comment_status":"closed","ping_status":"closed","template":"","meta":{"_acf_changed":false,"site-sidebar-layout":"default","site-content-layout":"","ast-site-content-layout":"default","site-content-style":"default","site-sidebar-style":"default","ast-global-header-display":"","ast-banner-title-visibility":"","ast-main-header-display":"","ast-hfb-above-header-display":"","ast-hfb-below-header-display":"","ast-hfb-mobile-header-display":"","site-post-title":"","ast-breadcrumbs-content":"","ast-featured-img":"","footer-sml-layout":"","ast-disable-related-posts":"","theme-transparent-header-meta":"","adv-header-id-meta":"","stick-header-meta":"","header-above-stick-meta":"","header-main-stick-meta":"","header-below-stick-meta":"","astra-migrate-meta-layouts":"default","ast-page-background-enabled":"default","ast-page-background-meta":{"desktop":{"background-color":"var(--ast-global-color-5)","background-image":"","background-repeat":"repeat","background-position":"center center","background-size":"auto","background-attachment":"scroll","background-type":"","background-media":"","overlay-type":"","overlay-color":"","overlay-opacity":"","overlay-gradient":""},"tablet":{"background-color":"","background-image":"","background-repeat":"repeat","background-position":"center center","background-size":"auto","background-attachment":"scroll","background-type":"","background-media":"","overlay-type":"","overlay-color":"","overlay-opacity":"","overlay-gradient":""},"mobile":{"background-color":"","background-image":"","background-repeat":"repeat","background-position":"center center","background-size":"auto","background-attachment":"scroll","background-type":"","background-media":"","overlay-type":"","overlay-color":"","overlay-opacity":"","overlay-gradient":""}},"ast-content-background-meta":{"desktop":{"background-color":"var(--ast-global-color-4)","background-image":"","background-repeat":"repeat","background-position":"center center","background-size":"auto","background-attachment":"scroll","background-type":"","background-media":"","overlay-type":"","overlay-color":"","overlay-opacity":"","overlay-gradient":""},"tablet":{"background-color":"var(--ast-global-color-4)","background-image":"","background-repeat":"repeat","background-position":"center center","background-size":"auto","background-attachment":"scroll","background-type":"","background-media":"","overlay-type":"","overlay-color":"","overlay-opacity":"","overlay-gradient":""},"mobile":{"background-color":"var(--ast-global-color-4)","background-image":"","background-repeat":"repeat","background-position":"center center","background-size":"auto","background-attachment":"scroll","background-type":"","background-media":"","overlay-type":"","overlay-color":"","overlay-opacity":"","overlay-gradient":""}},"footnotes":""},"class_list":["post-59","page","type-page","status-publish","hentry"],"acf":[],"_links":{"self":[{"href":"https:\/\/daniele.shop\/it\/wp-json\/wp\/v2\/pages\/59","targetHints":{"allow":["GET"]}}],"collection":[{"href":"https:\/\/daniele.shop\/it\/wp-json\/wp\/v2\/pages"}],"about":[{"href":"https:\/\/daniele.shop\/it\/wp-json\/wp\/v2\/types\/page"}],"author":[{"embeddable":true,"href":"https:\/\/daniele.shop\/it\/wp-json\/wp\/v2\/users\/1"}],"replies":[{"embeddable":true,"href":"https:\/\/daniele.shop\/it\/wp-json\/wp\/v2\/comments?post=59"}],"version-history":[{"count":145,"href":"https:\/\/daniele.shop\/it\/wp-json\/wp\/v2\/pages\/59\/revisions"}],"predecessor-version":[{"id":661036,"href":"https:\/\/daniele.shop\/it\/wp-json\/wp\/v2\/pages\/59\/revisions\/661036"}],"wp:attachment":[{"href":"https:\/\/daniele.shop\/it\/wp-json\/wp\/v2\/media?parent=59"}],"curies":[{"name":"wp","href":"https:\/\/api.w.org\/{rel}","templated":true}]}}