{"id":3318,"date":"2018-06-26T08:05:58","date_gmt":"2018-06-26T07:05:58","guid":{"rendered":"https:\/\/daniele.shop\/?page_id=3318"},"modified":"2026-04-09T13:46:43","modified_gmt":"2026-04-09T11:46:43","slug":"speciale-e-sugo","status":"publish","type":"page","link":"https:\/\/daniele.shop\/it\/danieles-genusswelt\/spezie-und-sugo\/","title":{"rendered":"Spezie e sugo"},"content":{"rendered":"<figure class=\"wp-block-image alignwide size-large\"><img loading=\"lazy\" decoding=\"async\" width=\"1024\" height=\"683\" src=\"https:\/\/daniele.shop\/wp-content\/uploads\/2017\/11\/6U0A3563-1-1024x683.jpg\" alt=\"\" class=\"wp-image-2221\" srcset=\"https:\/\/daniele.shop\/wp-content\/uploads\/2017\/11\/6U0A3563-1-1024x683.jpg 1024w, https:\/\/daniele.shop\/wp-content\/uploads\/2017\/11\/6U0A3563-1-1000x667.jpg 1000w, https:\/\/daniele.shop\/wp-content\/uploads\/2017\/11\/6U0A3563-1-64x43.jpg 64w, https:\/\/daniele.shop\/wp-content\/uploads\/2017\/11\/6U0A3563-1-300x200.jpg 300w, https:\/\/daniele.shop\/wp-content\/uploads\/2017\/11\/6U0A3563-1-768x512.jpg 768w, https:\/\/daniele.shop\/wp-content\/uploads\/2017\/11\/6U0A3563-1-400x267.jpg 400w, https:\/\/daniele.shop\/wp-content\/uploads\/2017\/11\/6U0A3563-1-100x67.jpg 100w, https:\/\/daniele.shop\/wp-content\/uploads\/2017\/11\/6U0A3563-1-846x564.jpg 846w, https:\/\/daniele.shop\/wp-content\/uploads\/2017\/11\/6U0A3563-1-1064x709.jpg 1064w, https:\/\/daniele.shop\/wp-content\/uploads\/2017\/11\/6U0A3563-1.jpg 1500w\" sizes=\"auto, (max-width: 1024px) 100vw, 1024px\" \/><\/figure>\n\n\n\n<h2 class=\"wp-block-heading\">Spezie, sugo, tartufo, senape, brodo, ...<\/h2>\n\n\n\n<h2 class=\"wp-block-heading\">Mamma Pomodori<\/h2>\n\n\n\n<p>Da oltre 100 anni la famiglia Mutti, tra Parma e Reggio Emilia, si occupa di pomodori: Dalla coltivazione alla lavorazione fino al prodotto finale - sughi e salse - tutto proviene da un'unica fonte!<\/p>\n\n\n\n<p>I pomodori crescono nei fertili terreni dell'Emilia-Romagna e delle zone circostanti; vengono raccolti solo quando sono maturi e vengono raccolti a mano.<\/p>\n\n\n\n<p>Per garantire che conservino la loro freschezza e il loro sapore pieno, vengono lavorati entro 24 ore dalla raccolta. E da Mutti questo significa una cottura lenta e delicata.<\/p>\n\n\n\n<p>Ci\u00f2 conferisce ai prodotti finali un sapore ottimale. Sono ricchi di sapore, hanno un bel colore e una consistenza densa. Si possono quindi gustare \u201ecos\u00ec\u201c su bruschette abbrustolite, trasformarli in sugo o utilizzarli per stufati.<\/p>\n\n\n\n<div class=\"wp-block-buttons is-content-justification-center is-layout-flex wp-container-core-buttons-is-layout-a89b3969 wp-block-buttons-is-layout-flex\">\n<div class=\"wp-block-button\"><a class=\"wp-block-button__link wp-element-button\" href=\"https:\/\/daniele.shop\/it\/produkte\/sugo\/\">Provate il sugo di Mutti Pomodori<\/a><\/div>\n<\/div>\n\n\n\n<h2 class=\"wp-block-heading\">Tartufi - Tartufi Fortunati<\/h2>\n\n\n\n<p>Il tartufo \u00e8 percepito da molti come un prodotto stagionale invernale. Tuttavia, da quasi cinquant'anni l'azienda umbra della famiglia Fortunati offre i rari e aromatici tuberi in varie forme accuratamente lavorate durante tutto l'anno.<\/p>\n\n\n\n<p>Naturalmente, vengono utilizzati solo tartufi di prima qualit\u00e0 provenienti dai migliori raccoglitori d'Italia e lavorati con cura nel nostro stabilimento. Da Daniele, i tartufi Fortunati sono disponibili interi o a fette in olio, in pasta e in olio aromatizzato o sale.<\/p>\n\n\n\n<p>Si pu\u00f2 usare per condire zuppa di patate, polenta, risotto, pasta, arrosto di vitello glassato, petto d'anatra, ripieno e capesante con un tocco di sapore in pi\u00f9. E i buongustai possono semplicemente spalmare la pasta sul pane tostato ...<\/p>\n\n\n\n<h2 class=\"wp-block-heading\">Senape di fico - Sandro Vanini<\/h2>\n\n\n\n<p>Vale la pena di scoprire la senape di fichi dolce e piccante di Sandro Vanini: si sposa perfettamente con formaggi e carni secche, ma anche con piatti a base di lenticchie, stufati, raclettes e salmone affumicato.<\/p>\n\n\n\n<p>Pu\u00f2 essere utilizzato per marinare carni bianche come pollo, coniglio, vitello e pesce o per preparare raffinati condimenti per insalate: una volta scoperto, ne troverete sempre altri usi!<\/p>\n\n\n\n<p>Sandro Vanini realizza i suoi prodotti secondo le ricette originali utilizzate dal nonno Vittorio Vanini quando l'azienda fu fondata nel 1871. Anche se oggi la lavorazione viene effettuata con attrezzature moderne che soddisfano i pi\u00f9 elevati standard igienici e qualitativi, tutto parte dall'utilizzo delle migliori materie prime provenienti da fornitori selezionati e termina con l'amore e la dedizione con cui vengono realizzati i prodotti.<\/p>\n\n\n\n<h2 class=\"wp-block-heading\">Bouillons - Zuppe Dowa<\/h2>\n\n\n\n<p>Le bouillons Dowa non provengono dall'Italia, ma da G\u00fcttingen in Turgovia. Sono prodotti con cura da ottant'anni da una piccola azienda che utilizza le migliori materie prime \u201esecondo l'usanza dei vecchi padri\u201c.<\/p>\n\n\n\n<p>Grazie a questa filosofia aziendale, Dowa \u00e8 riuscita a tenere testa alla grande e forte concorrenza. Anche gli chef professionisti si affidano al brodo Dowa, disponibile in tre varianti: come brodo di pollo, pu\u00f2 essere utilizzato per piatti come risotti, polenta o salse a base di panna.<\/p>\n\n\n\n<p>Il brodo di carne, forte e saporito, \u00e8 perfetto per accompagnare guarnizioni come i fl\u00e4dli e pu\u00f2 essere utilizzato anche per salse di pomodoro o stufati.<\/p>\n\n\n\n<p>Infine, c'\u00e8 anche un brodo vegetale per la cucina vegetariana e per tutti i piatti eleganti, come la trota in camicia.<\/p>\n\n\n\n<div class=\"wp-block-buttons is-content-justification-center is-layout-flex wp-container-core-buttons-is-layout-a89b3969 wp-block-buttons-is-layout-flex\">\n<div class=\"wp-block-button\"><a class=\"wp-block-button__link wp-element-button\" href=\"https:\/\/daniele.shop\/it\/categoria-prodotto\/spezie-speciali\/\">Provate le spezie, i tartufi, il brodo, ...<\/a><\/div>\n<\/div>","protected":false},"excerpt":{"rendered":"<p>Spezie (Gew\u00fcrze), Sugo, Tr\u00fcffel, Senf, Bouillon, \u2026 Mutti Pomodori Seit \u00fcber 100 Jahren dreht sich bei der Familie Mutti zwischen [&hellip;]<\/p>\n","protected":false},"author":4,"featured_media":0,"parent":1292,"menu_order":0,"comment_status":"closed","ping_status":"closed","template":"","meta":{"_acf_changed":false,"site-sidebar-layout":"default","site-content-layout":"","ast-site-content-layout":"default","site-content-style":"default","site-sidebar-style":"default","ast-global-header-display":"","ast-banner-title-visibility":"","ast-main-header-display":"","ast-hfb-above-header-display":"","ast-hfb-below-header-display":"","ast-hfb-mobile-header-display":"","site-post-title":"","ast-breadcrumbs-content":"","ast-featured-img":"","footer-sml-layout":"","ast-disable-related-posts":"","theme-transparent-header-meta":"","adv-header-id-meta":"","stick-header-meta":"","header-above-stick-meta":"","header-main-stick-meta":"","header-below-stick-meta":"","astra-migrate-meta-layouts":"default","ast-page-background-enabled":"default","ast-page-background-meta":{"desktop":{"background-color":"var(--ast-global-color-5)","background-image":"","background-repeat":"repeat","background-position":"center center","background-size":"auto","background-attachment":"scroll","background-type":"","background-media":"","overlay-type":"","overlay-color":"","overlay-opacity":"","overlay-gradient":""},"tablet":{"background-color":"","background-image":"","background-repeat":"repeat","background-position":"center center","background-size":"auto","background-attachment":"scroll","background-type":"","background-media":"","overlay-type":"","overlay-color":"","overlay-opacity":"","overlay-gradient":""},"mobile":{"background-color":"","background-image":"","background-repeat":"repeat","background-position":"center center","background-size":"auto","background-attachment":"scroll","background-type":"","background-media":"","overlay-type":"","overlay-color":"","overlay-opacity":"","overlay-gradient":""}},"ast-content-background-meta":{"desktop":{"background-color":"var(--ast-global-color-4)","background-image":"","background-repeat":"repeat","background-position":"center center","background-size":"auto","background-attachment":"scroll","background-type":"","background-media":"","overlay-type":"","overlay-color":"","overlay-opacity":"","overlay-gradient":""},"tablet":{"background-color":"var(--ast-global-color-4)","background-image":"","background-repeat":"repeat","background-position":"center center","background-size":"auto","background-attachment":"scroll","background-type":"","background-media":"","overlay-type":"","overlay-color":"","overlay-opacity":"","overlay-gradient":""},"mobile":{"background-color":"var(--ast-global-color-4)","background-image":"","background-repeat":"repeat","background-position":"center center","background-size":"auto","background-attachment":"scroll","background-type":"","background-media":"","overlay-type":"","overlay-color":"","overlay-opacity":"","overlay-gradient":""}},"footnotes":""},"class_list":["post-3318","page","type-page","status-publish","hentry"],"acf":[],"_links":{"self":[{"href":"https:\/\/daniele.shop\/it\/wp-json\/wp\/v2\/pages\/3318","targetHints":{"allow":["GET"]}}],"collection":[{"href":"https:\/\/daniele.shop\/it\/wp-json\/wp\/v2\/pages"}],"about":[{"href":"https:\/\/daniele.shop\/it\/wp-json\/wp\/v2\/types\/page"}],"author":[{"embeddable":true,"href":"https:\/\/daniele.shop\/it\/wp-json\/wp\/v2\/users\/4"}],"replies":[{"embeddable":true,"href":"https:\/\/daniele.shop\/it\/wp-json\/wp\/v2\/comments?post=3318"}],"version-history":[{"count":6,"href":"https:\/\/daniele.shop\/it\/wp-json\/wp\/v2\/pages\/3318\/revisions"}],"predecessor-version":[{"id":661719,"href":"https:\/\/daniele.shop\/it\/wp-json\/wp\/v2\/pages\/3318\/revisions\/661719"}],"up":[{"embeddable":true,"href":"https:\/\/daniele.shop\/it\/wp-json\/wp\/v2\/pages\/1292"}],"wp:attachment":[{"href":"https:\/\/daniele.shop\/it\/wp-json\/wp\/v2\/media?parent=3318"}],"curies":[{"name":"wp","href":"https:\/\/api.w.org\/{rel}","templated":true}]}}