{"id":3304,"date":"2018-06-26T07:28:00","date_gmt":"2018-06-26T06:28:00","guid":{"rendered":"https:\/\/daniele.shop\/?page_id=3304"},"modified":"2022-03-15T08:57:21","modified_gmt":"2022-03-15T07:57:21","slug":"risotto-da-erbital","status":"publish","type":"page","link":"https:\/\/daniele.shop\/it\/danieles-genusswelt\/risotto-von-erbital\/","title":{"rendered":"Risotto da Erbital"},"content":{"rendered":"<figure class=\"wp-block-image alignwide size-large\"><img loading=\"lazy\" decoding=\"async\" width=\"1024\" height=\"683\" src=\"https:\/\/daniele.shop\/wp-content\/uploads\/2017\/11\/6U0A3563-1024x683.jpg\" alt=\"\" class=\"wp-image-2541\" srcset=\"https:\/\/daniele.shop\/wp-content\/uploads\/2017\/11\/6U0A3563-1024x683.jpg 1024w, https:\/\/daniele.shop\/wp-content\/uploads\/2017\/11\/6U0A3563-1000x667.jpg 1000w, https:\/\/daniele.shop\/wp-content\/uploads\/2017\/11\/6U0A3563-64x43.jpg 64w, https:\/\/daniele.shop\/wp-content\/uploads\/2017\/11\/6U0A3563-300x200.jpg 300w, https:\/\/daniele.shop\/wp-content\/uploads\/2017\/11\/6U0A3563-768x512.jpg 768w, https:\/\/daniele.shop\/wp-content\/uploads\/2017\/11\/6U0A3563-400x267.jpg 400w, https:\/\/daniele.shop\/wp-content\/uploads\/2017\/11\/6U0A3563-100x67.jpg 100w, https:\/\/daniele.shop\/wp-content\/uploads\/2017\/11\/6U0A3563-846x564.jpg 846w, https:\/\/daniele.shop\/wp-content\/uploads\/2017\/11\/6U0A3563-1064x709.jpg 1064w, https:\/\/daniele.shop\/wp-content\/uploads\/2017\/11\/6U0A3563.jpg 1200w\" sizes=\"auto, (max-width: 1024px) 100vw, 1024px\" \/><\/figure>\n\n\n\n<h2 class=\"wp-block-heading\">Miscele per risotti di Erbital<\/h2>\n\n\n\n<p>I mix per risotti di Erbital sono molto pi\u00f9 di una semplice \u201escorta d'emergenza\u201c quando la voglia, la fame o gli ospiti bussano all'improvviso: i mix di riso a lunga conservazione, che contengono gi\u00e0 verdure essiccate, spezie ed erbe aromatiche, producono un risultato sorprendentemente fresco.<\/p>\n\n\n\n<p>Non c'\u00e8 da stupirsi, perch\u00e9 Erbital si affida alle migliori materie prime - riso Carnaroli selezionato, verdure essiccate di prima qualit\u00e0, spezie e funghi - e mantiene in proprio tutte le fasi di produzione, dalla selezione dei semi al confezionamento. Questo significa che anche un \u201eprodotto convenience\u201c pu\u00f2 garantire la massima qualit\u00e0.<\/p>\n\n\n\n<p>Tuttavia, i risotti Erbital possono essere ottimizzati. Ad esempio, con parmigiano, funghi, olio al tartufo, vino bianco o Porto bianco del nostro negozio. Oppure con gorgonzola, taleggio o luganighe del nostro negozio.<\/p>\n\n\n\n<div class=\"wp-block-buttons is-content-justification-center is-layout-flex wp-container-core-buttons-is-layout-a89b3969 wp-block-buttons-is-layout-flex\">\n<div class=\"wp-block-button\"><a class=\"wp-block-button__link\" href=\"https:\/\/daniele.shop\/it\/produkte\/risotto\/\" style=\"border-radius:0px\">Provate il risotto all'Erbital<\/a><\/div>\n<\/div>","protected":false},"excerpt":{"rendered":"<p>Risotto-Mischungen von Erbital Die Risotto-Mischungen von Erbital sind weit mehr als nur ein \u201eNotvorrat\u201c, wenn Lust, Hunger oder G\u00e4ste unerwartet [&hellip;]<\/p>\n","protected":false},"author":4,"featured_media":0,"parent":1292,"menu_order":0,"comment_status":"closed","ping_status":"closed","template":"","meta":{"_acf_changed":false,"site-sidebar-layout":"default","site-content-layout":"","ast-site-content-layout":"default","site-content-style":"default","site-sidebar-style":"default","ast-global-header-display":"","ast-banner-title-visibility":"","ast-main-header-display":"","ast-hfb-above-header-display":"","ast-hfb-below-header-display":"","ast-hfb-mobile-header-display":"","site-post-title":"","ast-breadcrumbs-content":"","ast-featured-img":"","footer-sml-layout":"","ast-disable-related-posts":"","theme-transparent-header-meta":"","adv-header-id-meta":"","stick-header-meta":"","header-above-stick-meta":"","header-main-stick-meta":"","header-below-stick-meta":"","astra-migrate-meta-layouts":"default","ast-page-background-enabled":"default","ast-page-background-meta":{"desktop":{"background-color":"var(--ast-global-color-5)","background-image":"","background-repeat":"repeat","background-position":"center center","background-size":"auto","background-attachment":"scroll","background-type":"","background-media":"","overlay-type":"","overlay-color":"","overlay-opacity":"","overlay-gradient":""},"tablet":{"background-color":"","background-image":"","background-repeat":"repeat","background-position":"center center","background-size":"auto","background-attachment":"scroll","background-type":"","background-media":"","overlay-type":"","overlay-color":"","overlay-opacity":"","overlay-gradient":""},"mobile":{"background-color":"","background-image":"","background-repeat":"repeat","background-position":"center center","background-size":"auto","background-attachment":"scroll","background-type":"","background-media":"","overlay-type":"","overlay-color":"","overlay-opacity":"","overlay-gradient":""}},"ast-content-background-meta":{"desktop":{"background-color":"var(--ast-global-color-4)","background-image":"","background-repeat":"repeat","background-position":"center center","background-size":"auto","background-attachment":"scroll","background-type":"","background-media":"","overlay-type":"","overlay-color":"","overlay-opacity":"","overlay-gradient":""},"tablet":{"background-color":"var(--ast-global-color-4)","background-image":"","background-repeat":"repeat","background-position":"center center","background-size":"auto","background-attachment":"scroll","background-type":"","background-media":"","overlay-type":"","overlay-color":"","overlay-opacity":"","overlay-gradient":""},"mobile":{"background-color":"var(--ast-global-color-4)","background-image":"","background-repeat":"repeat","background-position":"center center","background-size":"auto","background-attachment":"scroll","background-type":"","background-media":"","overlay-type":"","overlay-color":"","overlay-opacity":"","overlay-gradient":""}},"footnotes":""},"class_list":["post-3304","page","type-page","status-publish","hentry"],"acf":[],"_links":{"self":[{"href":"https:\/\/daniele.shop\/it\/wp-json\/wp\/v2\/pages\/3304","targetHints":{"allow":["GET"]}}],"collection":[{"href":"https:\/\/daniele.shop\/it\/wp-json\/wp\/v2\/pages"}],"about":[{"href":"https:\/\/daniele.shop\/it\/wp-json\/wp\/v2\/types\/page"}],"author":[{"embeddable":true,"href":"https:\/\/daniele.shop\/it\/wp-json\/wp\/v2\/users\/4"}],"replies":[{"embeddable":true,"href":"https:\/\/daniele.shop\/it\/wp-json\/wp\/v2\/comments?post=3304"}],"version-history":[{"count":7,"href":"https:\/\/daniele.shop\/it\/wp-json\/wp\/v2\/pages\/3304\/revisions"}],"predecessor-version":[{"id":658877,"href":"https:\/\/daniele.shop\/it\/wp-json\/wp\/v2\/pages\/3304\/revisions\/658877"}],"up":[{"embeddable":true,"href":"https:\/\/daniele.shop\/it\/wp-json\/wp\/v2\/pages\/1292"}],"wp:attachment":[{"href":"https:\/\/daniele.shop\/it\/wp-json\/wp\/v2\/media?parent=3304"}],"curies":[{"name":"wp","href":"https:\/\/api.w.org\/{rel}","templated":true}]}}