{"id":2310,"date":"2017-11-22T10:53:08","date_gmt":"2017-11-22T09:53:08","guid":{"rendered":"https:\/\/daniele.shop\/?page_id=2310"},"modified":"2022-03-15T08:57:17","modified_gmt":"2022-03-15T07:57:17","slug":"pasta-fresca-da-daniele","status":"publish","type":"page","link":"https:\/\/daniele.shop\/it\/danieles-genusswelt\/frischteigwaren-von-daniele\/","title":{"rendered":"La pasta fresca di Daniele"},"content":{"rendered":"<figure class=\"wp-block-image alignwide size-large\"><img loading=\"lazy\" decoding=\"async\" width=\"1024\" height=\"683\" src=\"https:\/\/daniele.shop\/wp-content\/uploads\/2017\/11\/6U0A3493-1024x683.jpg\" alt=\"\" class=\"wp-image-2534\" srcset=\"https:\/\/daniele.shop\/wp-content\/uploads\/2017\/11\/6U0A3493-1024x683.jpg 1024w, https:\/\/daniele.shop\/wp-content\/uploads\/2017\/11\/6U0A3493-1000x667.jpg 1000w, https:\/\/daniele.shop\/wp-content\/uploads\/2017\/11\/6U0A3493-64x43.jpg 64w, https:\/\/daniele.shop\/wp-content\/uploads\/2017\/11\/6U0A3493-300x200.jpg 300w, https:\/\/daniele.shop\/wp-content\/uploads\/2017\/11\/6U0A3493-768x512.jpg 768w, https:\/\/daniele.shop\/wp-content\/uploads\/2017\/11\/6U0A3493-400x267.jpg 400w, https:\/\/daniele.shop\/wp-content\/uploads\/2017\/11\/6U0A3493-100x67.jpg 100w, https:\/\/daniele.shop\/wp-content\/uploads\/2017\/11\/6U0A3493-846x564.jpg 846w, https:\/\/daniele.shop\/wp-content\/uploads\/2017\/11\/6U0A3493-1064x709.jpg 1064w, https:\/\/daniele.shop\/wp-content\/uploads\/2017\/11\/6U0A3493.jpg 1200w\" sizes=\"auto, (max-width: 1024px) 100vw, 1024px\" \/><\/figure>\n\n\n\n<h2 class=\"wp-block-heading\">Soddisfa i pi\u00f9 alti requisiti di gusto<\/h2>\n\n\n\n<p>Le paste fresche, che si presentano in una variet\u00e0 di forme e ripieni nell'espositore refrigerato, sono tutte fatte in casa. La maggior parte di essi \u00e8 realizzata secondo le ricette di famiglia che provengono ancora dalla nonna.<\/p>\n\n\n\n<p>Nel tempo, per\u00f2, si sono aggiunte anche alcune nuove creazioni, come i ravioli di cinghiale di stagione. Ma anche queste sono diventate da tempo dei classici, perch\u00e9 hanno incontrato il gusto dei clienti.<\/p>\n\n\n\n<figure class=\"wp-block-pullquote\"><blockquote><p>Il segreto: gli ingredienti migliori e molto tempo per la preparazione.<\/p><\/blockquote><\/figure>\n\n\n\n<p>Non c'\u00e8 da stupirsi: uno dei segreti della qualit\u00e0 ineguagliabile della pasta fresca Daniele \u00e8 l'attenzione ai dettagli. Ci\u00f2 significa che, oltre a selezionare con cura e amore i migliori ingredienti, Daniele si prende tutto il tempo necessario per ottenere un risultato saporito e ottimale. Il sugo cuoce a fuoco lento per quattro ore. Anche la carne di manzo per il ripieno dei tortelloni viene scottata con cura e poi brasata a lungo, proprio come faceva sua nonna. In un mondo in cui il tempo era ancora abbondante...<\/p>\n\n\n\n<p>In breve: Daniele si prende tutto il tempo necessario per far s\u00ec che i clienti possano risparmiare tempo prezioso e gustare il miglior cibo italiano. O per dirla in un altro modo, un po' informale, Daniele offre fast food in qualit\u00e0 slow food!<\/p>\n\n\n\n<div class=\"wp-block-buttons is-content-justification-center is-layout-flex wp-container-core-buttons-is-layout-a89b3969 wp-block-buttons-is-layout-flex\">\n<div class=\"wp-block-button\"><a class=\"wp-block-button__link\" href=\"https:\/\/daniele.shop\/it\/negozio-a-schaffhausen\/\">Venite a trovarci a Schaffhausen<\/a><\/div>\n<\/div>","protected":false},"excerpt":{"rendered":"<p>Erf\u00fcllt h\u00f6chste Anspr\u00fcche im Geschmack Die Frischteigwaren, die in unterschiedlichen Formen und mit den verschiedensten F\u00fcllungen in der gek\u00fchlten Auslage [&hellip;]<\/p>\n","protected":false},"author":4,"featured_media":0,"parent":1292,"menu_order":0,"comment_status":"closed","ping_status":"closed","template":"","meta":{"_acf_changed":false,"site-sidebar-layout":"default","site-content-layout":"","ast-site-content-layout":"default","site-content-style":"default","site-sidebar-style":"default","ast-global-header-display":"","ast-banner-title-visibility":"","ast-main-header-display":"","ast-hfb-above-header-display":"","ast-hfb-below-header-display":"","ast-hfb-mobile-header-display":"","site-post-title":"","ast-breadcrumbs-content":"","ast-featured-img":"","footer-sml-layout":"","ast-disable-related-posts":"","theme-transparent-header-meta":"","adv-header-id-meta":"","stick-header-meta":"","header-above-stick-meta":"","header-main-stick-meta":"","header-below-stick-meta":"","astra-migrate-meta-layouts":"default","ast-page-background-enabled":"default","ast-page-background-meta":{"desktop":{"background-color":"var(--ast-global-color-5)","background-image":"","background-repeat":"repeat","background-position":"center center","background-size":"auto","background-attachment":"scroll","background-type":"","background-media":"","overlay-type":"","overlay-color":"","overlay-opacity":"","overlay-gradient":""},"tablet":{"background-color":"","background-image":"","background-repeat":"repeat","background-position":"center center","background-size":"auto","background-attachment":"scroll","background-type":"","background-media":"","overlay-type":"","overlay-color":"","overlay-opacity":"","overlay-gradient":""},"mobile":{"background-color":"","background-image":"","background-repeat":"repeat","background-position":"center center","background-size":"auto","background-attachment":"scroll","background-type":"","background-media":"","overlay-type":"","overlay-color":"","overlay-opacity":"","overlay-gradient":""}},"ast-content-background-meta":{"desktop":{"background-color":"var(--ast-global-color-4)","background-image":"","background-repeat":"repeat","background-position":"center center","background-size":"auto","background-attachment":"scroll","background-type":"","background-media":"","overlay-type":"","overlay-color":"","overlay-opacity":"","overlay-gradient":""},"tablet":{"background-color":"var(--ast-global-color-4)","background-image":"","background-repeat":"repeat","background-position":"center center","background-size":"auto","background-attachment":"scroll","background-type":"","background-media":"","overlay-type":"","overlay-color":"","overlay-opacity":"","overlay-gradient":""},"mobile":{"background-color":"var(--ast-global-color-4)","background-image":"","background-repeat":"repeat","background-position":"center center","background-size":"auto","background-attachment":"scroll","background-type":"","background-media":"","overlay-type":"","overlay-color":"","overlay-opacity":"","overlay-gradient":""}},"footnotes":""},"class_list":["post-2310","page","type-page","status-publish","hentry"],"acf":[],"_links":{"self":[{"href":"https:\/\/daniele.shop\/it\/wp-json\/wp\/v2\/pages\/2310","targetHints":{"allow":["GET"]}}],"collection":[{"href":"https:\/\/daniele.shop\/it\/wp-json\/wp\/v2\/pages"}],"about":[{"href":"https:\/\/daniele.shop\/it\/wp-json\/wp\/v2\/types\/page"}],"author":[{"embeddable":true,"href":"https:\/\/daniele.shop\/it\/wp-json\/wp\/v2\/users\/4"}],"replies":[{"embeddable":true,"href":"https:\/\/daniele.shop\/it\/wp-json\/wp\/v2\/comments?post=2310"}],"version-history":[{"count":8,"href":"https:\/\/daniele.shop\/it\/wp-json\/wp\/v2\/pages\/2310\/revisions"}],"predecessor-version":[{"id":658882,"href":"https:\/\/daniele.shop\/it\/wp-json\/wp\/v2\/pages\/2310\/revisions\/658882"}],"up":[{"embeddable":true,"href":"https:\/\/daniele.shop\/it\/wp-json\/wp\/v2\/pages\/1292"}],"wp:attachment":[{"href":"https:\/\/daniele.shop\/it\/wp-json\/wp\/v2\/media?parent=2310"}],"curies":[{"name":"wp","href":"https:\/\/api.w.org\/{rel}","templated":true}]}}