{"id":2303,"date":"2017-11-22T10:39:52","date_gmt":"2017-11-22T09:39:52","guid":{"rendered":"https:\/\/daniele.shop\/?page_id=2303"},"modified":"2026-04-09T13:45:45","modified_gmt":"2026-04-09T11:45:45","slug":"regali-per-i-buongustai","status":"publish","type":"page","link":"https:\/\/daniele.shop\/it\/danieles-genusswelt\/geschenke-fuer-gourmets\/","title":{"rendered":"Regali per buongustai"},"content":{"rendered":"<figure class=\"wp-block-image alignwide size-large\"><img loading=\"lazy\" decoding=\"async\" width=\"1024\" height=\"683\" src=\"https:\/\/daniele.shop\/wp-content\/uploads\/2017\/11\/6U0A3637-1024x683.jpg\" alt=\"\" class=\"wp-image-2543\" srcset=\"https:\/\/daniele.shop\/wp-content\/uploads\/2017\/11\/6U0A3637-1024x683.jpg 1024w, https:\/\/daniele.shop\/wp-content\/uploads\/2017\/11\/6U0A3637-1000x667.jpg 1000w, https:\/\/daniele.shop\/wp-content\/uploads\/2017\/11\/6U0A3637-64x43.jpg 64w, https:\/\/daniele.shop\/wp-content\/uploads\/2017\/11\/6U0A3637-300x200.jpg 300w, https:\/\/daniele.shop\/wp-content\/uploads\/2017\/11\/6U0A3637-768x512.jpg 768w, https:\/\/daniele.shop\/wp-content\/uploads\/2017\/11\/6U0A3637-400x267.jpg 400w, https:\/\/daniele.shop\/wp-content\/uploads\/2017\/11\/6U0A3637-100x67.jpg 100w, https:\/\/daniele.shop\/wp-content\/uploads\/2017\/11\/6U0A3637-846x564.jpg 846w, https:\/\/daniele.shop\/wp-content\/uploads\/2017\/11\/6U0A3637-1064x709.jpg 1064w, https:\/\/daniele.shop\/wp-content\/uploads\/2017\/11\/6U0A3637.jpg 1200w\" sizes=\"auto, (max-width: 1024px) 100vw, 1024px\" \/><\/figure>\n\n\n\n<h2 class=\"wp-block-heading\">Fatti in casa e raccolti a mano<\/h2>\n\n\n\n<p>La cucina italiana e le sue prelibatezze sono molto apprezzate perch\u00e9 riportano alla mente i ricordi delle vacanze e placano la voglia di viaggiare. Ecco perch\u00e9 con i set regalo di Daniele si fa (quasi) sempre centro. Oppure conoscete qualcuno che non ama la cucina italiana?<\/p>\n\n\n\n<p>I set possono essere composti in base ai vostri desideri, al vostro budget o alle preferenze del destinatario e sono adatti come regalo per inviti, come sorpresa, ringraziamento o incoraggiamento, come regalo di compleanno, di matrimonio o di Natale, come regalo per un dipendente o un cliente... Saremo lieti di consigliarvi.<\/p>\n\n\n\n<p>Tuttavia, Daniele offre anche set regalo gi\u00e0 pronti che contengono tutto il necessario per una serata italiana di successo (o per iniziare). I set regalo offrono anche una visione culinaria della squisita e variegata gamma di specialit\u00e0 italiane di Daniele, ed \u00e8 per questo che di solito includono anche un aceto balsamico di produzione propria e l'apprezzato olio d'oliva Daniele.<\/p>\n\n\n\n<figure class=\"wp-block-pullquote\"><blockquote><p>Set regalo gi\u00e0 pronti che contengono tutto il necessario per una serata italiana di successo (o per iniziare).<\/p><\/blockquote><\/figure>\n\n\n\n<p>Esempi?<\/p>\n\n\n\n<p>Intermezzo Spruzzante\u201e, ad esempio, contiene tutto il necessario per un aperitivo ed \u00e8 quindi un regalo perfetto. \u201cPrimo Piatto\u201e e \u201cCenetta Aceto\u201e sono le basi per uno spuntino veloce (o improvvisato), mentre \u201cIl Limone\u201e \u00e8 tutto dedicato ai sapori rinfrescanti del limone. Infine, \u201cLa Cenetta\u201e \u00e8 il dolce da regalo pi\u00f9 richiesto, realizzato con i prodotti Comestibile importati da Daniele. Fantastico!<\/p>\n\n\n\n<div class=\"wp-block-buttons is-content-justification-center is-layout-flex wp-container-core-buttons-is-layout-a89b3969 wp-block-buttons-is-layout-flex\">\n<div class=\"wp-block-button\"><a class=\"wp-block-button__link wp-element-button\" href=\"https:\/\/daniele.shop\/it\/categoria-prodotto\/regali-gastronomia\/\">Sfoglia i nostri set regalo<\/a><\/div>\n<\/div>","protected":false},"excerpt":{"rendered":"<p>Hausgemacht &amp; handverlesen Die italienische K\u00fcche und ihre K\u00f6stlichkeiten sind \u00e4usserst beliebt, denn sie vermitteln Ferienerinnerungen \u2013 und lindern das [&hellip;]<\/p>\n","protected":false},"author":4,"featured_media":0,"parent":1292,"menu_order":0,"comment_status":"closed","ping_status":"closed","template":"","meta":{"_acf_changed":false,"site-sidebar-layout":"default","site-content-layout":"","ast-site-content-layout":"default","site-content-style":"default","site-sidebar-style":"default","ast-global-header-display":"","ast-banner-title-visibility":"","ast-main-header-display":"","ast-hfb-above-header-display":"","ast-hfb-below-header-display":"","ast-hfb-mobile-header-display":"","site-post-title":"","ast-breadcrumbs-content":"","ast-featured-img":"","footer-sml-layout":"","ast-disable-related-posts":"","theme-transparent-header-meta":"","adv-header-id-meta":"","stick-header-meta":"","header-above-stick-meta":"","header-main-stick-meta":"","header-below-stick-meta":"","astra-migrate-meta-layouts":"default","ast-page-background-enabled":"default","ast-page-background-meta":{"desktop":{"background-color":"var(--ast-global-color-5)","background-image":"","background-repeat":"repeat","background-position":"center center","background-size":"auto","background-attachment":"scroll","background-type":"","background-media":"","overlay-type":"","overlay-color":"","overlay-opacity":"","overlay-gradient":""},"tablet":{"background-color":"","background-image":"","background-repeat":"repeat","background-position":"center center","background-size":"auto","background-attachment":"scroll","background-type":"","background-media":"","overlay-type":"","overlay-color":"","overlay-opacity":"","overlay-gradient":""},"mobile":{"background-color":"","background-image":"","background-repeat":"repeat","background-position":"center center","background-size":"auto","background-attachment":"scroll","background-type":"","background-media":"","overlay-type":"","overlay-color":"","overlay-opacity":"","overlay-gradient":""}},"ast-content-background-meta":{"desktop":{"background-color":"var(--ast-global-color-4)","background-image":"","background-repeat":"repeat","background-position":"center center","background-size":"auto","background-attachment":"scroll","background-type":"","background-media":"","overlay-type":"","overlay-color":"","overlay-opacity":"","overlay-gradient":""},"tablet":{"background-color":"var(--ast-global-color-4)","background-image":"","background-repeat":"repeat","background-position":"center center","background-size":"auto","background-attachment":"scroll","background-type":"","background-media":"","overlay-type":"","overlay-color":"","overlay-opacity":"","overlay-gradient":""},"mobile":{"background-color":"var(--ast-global-color-4)","background-image":"","background-repeat":"repeat","background-position":"center center","background-size":"auto","background-attachment":"scroll","background-type":"","background-media":"","overlay-type":"","overlay-color":"","overlay-opacity":"","overlay-gradient":""}},"footnotes":""},"class_list":["post-2303","page","type-page","status-publish","hentry"],"acf":[],"_links":{"self":[{"href":"https:\/\/daniele.shop\/it\/wp-json\/wp\/v2\/pages\/2303","targetHints":{"allow":["GET"]}}],"collection":[{"href":"https:\/\/daniele.shop\/it\/wp-json\/wp\/v2\/pages"}],"about":[{"href":"https:\/\/daniele.shop\/it\/wp-json\/wp\/v2\/types\/page"}],"author":[{"embeddable":true,"href":"https:\/\/daniele.shop\/it\/wp-json\/wp\/v2\/users\/4"}],"replies":[{"embeddable":true,"href":"https:\/\/daniele.shop\/it\/wp-json\/wp\/v2\/comments?post=2303"}],"version-history":[{"count":8,"href":"https:\/\/daniele.shop\/it\/wp-json\/wp\/v2\/pages\/2303\/revisions"}],"predecessor-version":[{"id":661717,"href":"https:\/\/daniele.shop\/it\/wp-json\/wp\/v2\/pages\/2303\/revisions\/661717"}],"up":[{"embeddable":true,"href":"https:\/\/daniele.shop\/it\/wp-json\/wp\/v2\/pages\/1292"}],"wp:attachment":[{"href":"https:\/\/daniele.shop\/it\/wp-json\/wp\/v2\/media?parent=2303"}],"curies":[{"name":"wp","href":"https:\/\/api.w.org\/{rel}","templated":true}]}}