{"id":2292,"date":"2017-11-22T10:17:37","date_gmt":"2017-11-22T09:17:37","guid":{"rendered":"https:\/\/daniele.shop\/?page_id=2292"},"modified":"2026-04-09T13:43:09","modified_gmt":"2026-04-09T11:43:09","slug":"lolio-doliva-di-daniele","status":"publish","type":"page","link":"https:\/\/daniele.shop\/it\/danieles-genusswelt\/das-olivenoel-von-daniele\/","title":{"rendered":"L'olio d'oliva di Daniele"},"content":{"rendered":"<figure class=\"wp-block-image alignwide size-large\"><img loading=\"lazy\" decoding=\"async\" width=\"1024\" height=\"683\" src=\"https:\/\/daniele.shop\/wp-content\/uploads\/2017\/11\/6U0A3673-1-1024x683.jpg\" alt=\"\" class=\"wp-image-2105\" srcset=\"https:\/\/daniele.shop\/wp-content\/uploads\/2017\/11\/6U0A3673-1-1024x683.jpg 1024w, https:\/\/daniele.shop\/wp-content\/uploads\/2017\/11\/6U0A3673-1-1000x667.jpg 1000w, https:\/\/daniele.shop\/wp-content\/uploads\/2017\/11\/6U0A3673-1-64x43.jpg 64w, https:\/\/daniele.shop\/wp-content\/uploads\/2017\/11\/6U0A3673-1-300x200.jpg 300w, https:\/\/daniele.shop\/wp-content\/uploads\/2017\/11\/6U0A3673-1-768x512.jpg 768w, https:\/\/daniele.shop\/wp-content\/uploads\/2017\/11\/6U0A3673-1-400x267.jpg 400w, https:\/\/daniele.shop\/wp-content\/uploads\/2017\/11\/6U0A3673-1-100x67.jpg 100w, https:\/\/daniele.shop\/wp-content\/uploads\/2017\/11\/6U0A3673-1-846x564.jpg 846w, https:\/\/daniele.shop\/wp-content\/uploads\/2017\/11\/6U0A3673-1-1064x709.jpg 1064w, https:\/\/daniele.shop\/wp-content\/uploads\/2017\/11\/6U0A3673-1.jpg 1500w\" sizes=\"auto, (max-width: 1024px) 100vw, 1024px\" \/><\/figure>\n\n\n\n<h2 class=\"wp-block-heading\">Il nostro consiglio - da oltre 30 anni<\/h2>\n\n\n\n<p>Da 32 anni, la famiglia Serni di Bolgheri, vicino a Castagneto Carducci, in Maremma, \u00e8 il \u201efornitore a corte\u201c del popolare olio d'oliva della casa, che \u00e8 considerato un consiglio da insider ed \u00e8 disponibile solo da Daniele. \u00c8 spremuto (naturalmente!) a freddo ed \u00e8 adatto a piatti caldi e freddi.<\/p>\n\n\n\n<p>Gli ulivi crescono nelle immediate vicinanze del frantoio e non vengono irrorati. \u00c8 una consuetudine da sempre, ed \u00e8 per questo che non si cerca di ottenere la certificazione biologica, che comporta molti sforzi e spese: Ci\u00f2 non cambia comunque il sapore squisito. Perch\u00e9 l'unico fattore decisivo \u00e8 l'alta qualit\u00e0 della materia prima, le olive. E poi la spremitura delicata e a secco.<\/p>\n\n\n\n<figure class=\"wp-block-pullquote\"><blockquote><p>Antiche tradizioni, olive italiane maturate al sole e un frantoio high-tech di fabbricazione svizzera.<\/p><\/blockquote><\/figure>\n\n\n\n<p>Dopo il lavaggio, le olive vengono accuratamente asciugate e avviate alla successiva lavorazione senza acqua di processo. La successiva estrazione a freddo avviene con l'esclusione dell'aria (tra l'altro su un moderno frantoio high-tech prodotto in Svizzera), che garantisce il massimo del sapore. Questo dimostra che: \u00c8 possibile mantenere le antiche tradizioni e allo stesso tempo aprirsi alla modernit\u00e0, a tutto vantaggio del prodotto finale. E per la gioia dei suoi consumatori.<\/p>\n\n\n\n<h2 class=\"wp-block-heading\">Olio d'oliva Il Boschetto<\/h2>\n\n\n\n<h5 class=\"wp-block-heading\">Prendete... olio d'oliva toscano di prima qualit\u00e0 e arricchitelo con spezie e aromi selezionati come limone, peperoncino e aglio.<\/h5>\n\n\n\n<p><strong>Il risultato:<\/strong> Gli infusi de Il Boschetto della Maremma, che danno un'anima \u201eitaliana\u201c a molti piatti, anche se le materie prime non sono disponibili o a portata di mano.<\/p>\n\n\n\n<p>L'estrazione di molti chilogrammi di ingredienti di prima qualit\u00e0, la preparazione accurata e fresca e il dosaggio equilibrato fanno s\u00ec che gli oli non siano n\u00e9 eccessivamente stagionati n\u00e9 eccessivamente salati: si sente solo che i sapori sono presenti, ma niente \u00e8 eccessivo.<\/p>\n\n\n\n<p>L'azienda di famiglia produce anche altri ausili aromatici per la cucina sotto forma di miscele di erbe e spezie di alta qualit\u00e0, anch'esse disponibili presso Daniele.<\/p>\n\n\n\n<div class=\"wp-block-buttons is-content-justification-center is-layout-flex wp-container-core-buttons-is-layout-a89b3969 wp-block-buttons-is-layout-flex\">\n<div class=\"wp-block-button\"><a class=\"wp-block-button__link wp-element-button\" href=\"https:\/\/daniele.shop\/it\/categoria-prodotto\/olio-di-oliva-extra-vergine\/\" style=\"border-radius:0px\">Provate il nostro olio d'oliva<\/a><\/div>\n<\/div>","protected":false},"excerpt":{"rendered":"<p>Unsere Empfehlung \u2013 seit \u00fcber 30 Jahren Seit 32 Jahren ist die Familie Serni in Bolgheri, nahe Castagneto Carducci, in [&hellip;]<\/p>\n","protected":false},"author":4,"featured_media":0,"parent":1292,"menu_order":0,"comment_status":"closed","ping_status":"closed","template":"","meta":{"_acf_changed":false,"site-sidebar-layout":"default","site-content-layout":"","ast-site-content-layout":"default","site-content-style":"default","site-sidebar-style":"default","ast-global-header-display":"","ast-banner-title-visibility":"","ast-main-header-display":"","ast-hfb-above-header-display":"","ast-hfb-below-header-display":"","ast-hfb-mobile-header-display":"","site-post-title":"","ast-breadcrumbs-content":"","ast-featured-img":"","footer-sml-layout":"","ast-disable-related-posts":"","theme-transparent-header-meta":"","adv-header-id-meta":"","stick-header-meta":"","header-above-stick-meta":"","header-main-stick-meta":"","header-below-stick-meta":"","astra-migrate-meta-layouts":"default","ast-page-background-enabled":"default","ast-page-background-meta":{"desktop":{"background-color":"var(--ast-global-color-5)","background-image":"","background-repeat":"repeat","background-position":"center center","background-size":"auto","background-attachment":"scroll","background-type":"","background-media":"","overlay-type":"","overlay-color":"","overlay-opacity":"","overlay-gradient":""},"tablet":{"background-color":"","background-image":"","background-repeat":"repeat","background-position":"center center","background-size":"auto","background-attachment":"scroll","background-type":"","background-media":"","overlay-type":"","overlay-color":"","overlay-opacity":"","overlay-gradient":""},"mobile":{"background-color":"","background-image":"","background-repeat":"repeat","background-position":"center center","background-size":"auto","background-attachment":"scroll","background-type":"","background-media":"","overlay-type":"","overlay-color":"","overlay-opacity":"","overlay-gradient":""}},"ast-content-background-meta":{"desktop":{"background-color":"var(--ast-global-color-4)","background-image":"","background-repeat":"repeat","background-position":"center center","background-size":"auto","background-attachment":"scroll","background-type":"","background-media":"","overlay-type":"","overlay-color":"","overlay-opacity":"","overlay-gradient":""},"tablet":{"background-color":"var(--ast-global-color-4)","background-image":"","background-repeat":"repeat","background-position":"center center","background-size":"auto","background-attachment":"scroll","background-type":"","background-media":"","overlay-type":"","overlay-color":"","overlay-opacity":"","overlay-gradient":""},"mobile":{"background-color":"var(--ast-global-color-4)","background-image":"","background-repeat":"repeat","background-position":"center center","background-size":"auto","background-attachment":"scroll","background-type":"","background-media":"","overlay-type":"","overlay-color":"","overlay-opacity":"","overlay-gradient":""}},"footnotes":""},"class_list":["post-2292","page","type-page","status-publish","hentry"],"acf":[],"_links":{"self":[{"href":"https:\/\/daniele.shop\/it\/wp-json\/wp\/v2\/pages\/2292","targetHints":{"allow":["GET"]}}],"collection":[{"href":"https:\/\/daniele.shop\/it\/wp-json\/wp\/v2\/pages"}],"about":[{"href":"https:\/\/daniele.shop\/it\/wp-json\/wp\/v2\/types\/page"}],"author":[{"embeddable":true,"href":"https:\/\/daniele.shop\/it\/wp-json\/wp\/v2\/users\/4"}],"replies":[{"embeddable":true,"href":"https:\/\/daniele.shop\/it\/wp-json\/wp\/v2\/comments?post=2292"}],"version-history":[{"count":9,"href":"https:\/\/daniele.shop\/it\/wp-json\/wp\/v2\/pages\/2292\/revisions"}],"predecessor-version":[{"id":661714,"href":"https:\/\/daniele.shop\/it\/wp-json\/wp\/v2\/pages\/2292\/revisions\/661714"}],"up":[{"embeddable":true,"href":"https:\/\/daniele.shop\/it\/wp-json\/wp\/v2\/pages\/1292"}],"wp:attachment":[{"href":"https:\/\/daniele.shop\/it\/wp-json\/wp\/v2\/media?parent=2292"}],"curies":[{"name":"wp","href":"https:\/\/api.w.org\/{rel}","templated":true}]}}