{"id":182,"date":"2014-12-03T22:17:27","date_gmt":"2014-12-03T21:17:27","guid":{"rendered":"https:\/\/daniele.shop\/?page_id=182"},"modified":"2026-04-10T10:42:16","modified_gmt":"2026-04-10T08:42:16","slug":"buono-a-sapersi","status":"publish","type":"page","link":"https:\/\/daniele.shop\/it\/gut-zu-wissen\/","title":{"rendered":"Buono a sapersi"},"content":{"rendered":"<h2 class=\"wp-block-heading\">Siamo qui per voi!<\/h2>\n\n\n\n<figure class=\"wp-block-image alignwide size-large\"><img loading=\"lazy\" decoding=\"async\" width=\"1024\" height=\"683\" src=\"https:\/\/daniele.shop\/wp-content\/uploads\/2017\/11\/6U0A31761-1-1024x683.jpg\" alt=\"\" class=\"wp-image-2169\" srcset=\"https:\/\/daniele.shop\/wp-content\/uploads\/2017\/11\/6U0A31761-1-1024x683.jpg 1024w, https:\/\/daniele.shop\/wp-content\/uploads\/2017\/11\/6U0A31761-1-1000x667.jpg 1000w, https:\/\/daniele.shop\/wp-content\/uploads\/2017\/11\/6U0A31761-1-64x43.jpg 64w, https:\/\/daniele.shop\/wp-content\/uploads\/2017\/11\/6U0A31761-1-300x200.jpg 300w, https:\/\/daniele.shop\/wp-content\/uploads\/2017\/11\/6U0A31761-1-768x512.jpg 768w, https:\/\/daniele.shop\/wp-content\/uploads\/2017\/11\/6U0A31761-1-400x267.jpg 400w, https:\/\/daniele.shop\/wp-content\/uploads\/2017\/11\/6U0A31761-1-100x67.jpg 100w, https:\/\/daniele.shop\/wp-content\/uploads\/2017\/11\/6U0A31761-1-846x564.jpg 846w, https:\/\/daniele.shop\/wp-content\/uploads\/2017\/11\/6U0A31761-1-1064x709.jpg 1064w, https:\/\/daniele.shop\/wp-content\/uploads\/2017\/11\/6U0A31761-1.jpg 1500w\" sizes=\"auto, (max-width: 1024px) 100vw, 1024px\" \/><\/figure>\n\n\n\n<p><\/p>\n\n\n\n<p><strong>Passate direttamente alla sezione che state cercando:<\/strong><\/p>\n\n\n\n<ul class=\"wp-block-list\">\n<li><a href=\"#oeffnungszeiten\" class=\"rank-math-link\">Orari di apertura<\/a><\/li>\n\n\n\n<li><a href=\"#adresse\" class=\"rank-math-link\">Indirizzo<\/a><\/li>\n\n\n\n<li><a href=\"#versand\" class=\"rank-math-link\">Costi di spedizione, tipi<\/a><\/li>\n\n\n\n<li><a href=\"#zahlarten\" class=\"rank-math-link\">Metodi di pagamento<\/a><\/li>\n\n\n\n<li><a href=\"#faq\" class=\"rank-math-link\">FAQ<\/a><\/li>\n\n\n\n<li><a href=\"#widerruf\" class=\"rank-math-link\">Cancellazione \/ Ritiro<\/a><\/li>\n\n\n\n<li><a href=\"#umtausch\" class=\"rank-math-link\">Scambio<\/a><\/li>\n<\/ul>\n\n\n\n<h2 class=\"wp-block-heading\" id=\"oeffnungszeiten\">Orari di apertura<\/h2>\n\n\n\n<p>Il negozio di Daniele \u00e8 aperto 5 giorni alla settimana. Saremo lieti di consigliarvi e servirvi nei seguenti orari:<\/p>\n\n\n\n<p>Marted\u00ec: 08:00 - 18:30<br>Mercoled\u00ec: 08:00 - 18:30<br>Gioved\u00ec: 08:00 - 18:30<br>Venerd\u00ec: 08:00 - 18:30<br>Sabato: 08:00 - 16:00<\/p>\n\n\n\n<p><em>Luned\u00ec: chiuso<\/em><\/p>\n\n\n\n<p>Orari di apertura speciali 2026:<\/p>\n\n\n\n<figure class=\"wp-block-table\"><table><tbody><tr><td>Mercoled\u00ec, Capodanno<\/td><td>31.12.2025<\/td><td>08:30 - 15:30<\/td><\/tr><tr><td>Sabato<\/td><td>03.01.2026<\/td><td>Chiuso<\/td><\/tr><tr><td>Sabato, carnevale<\/td><td>07.02.2026<\/td><td>08:00 - 14:00<\/td><\/tr><tr><td>Gioved\u00ec<\/td><td>02.04.2026<\/td><td>08:00 - 16:00<\/td><\/tr><tr><td>Venerd\u00ec<\/td><td>01.05.2026 <\/td><td>Chiuso<\/td><\/tr><tr><td>Sabato<\/td><td>01.08.2026<\/td><td>Chiuso<\/td><\/tr><tr><td>Luned\u00ec<\/td><td>30.11.2026<\/td><td>10:00 - 18:30<\/td><\/tr><tr><td>Luned\u00ec<\/td><td>07.12.2026<\/td><td>10:00 - 18:30<\/td><\/tr><tr><td>Luned\u00ec <\/td><td>14.12.2026<\/td><td>10:00 - 18:30<\/td><\/tr><tr><td>Domenica<\/td><td>20.12.2026<\/td><td>11:00 - 16:00<\/td><\/tr><tr><td>Luned\u00ec<\/td><td>21.12.2026<\/td><td>08:00 - 18:30<\/td><\/tr><tr><td>Mercoled\u00ec<\/td><td>23.12.2026<\/td><td>08:30 - 18:30<\/td><\/tr><tr><td>Gioved\u00ec<\/td><td>24.12.2026<\/td><td>08:30 - 15:00<\/td><\/tr><tr><td>Venerd\u00ec<\/td><td>25.12.2026<\/td><td>Chiuso<\/td><\/tr><tr><td>Sabato<\/td><td>26.12.2026<\/td><td>Chiuso<\/td><\/tr><tr><td>Luned\u00ec<\/td><td>28.12.2026<\/td><td>08:00 - 18:30<\/td><\/tr><tr><td>Gioved\u00ec, Capodanno<\/td><td>31.12.2026<\/td><td>08:00 - 15:00<\/td><\/tr><\/tbody><\/table><\/figure>\n\n\n\n<h2 class=\"wp-block-heading\" id=\"adresse\">Indirizzi<\/h2>\n\n\n\n<p>Il negozio e la sede di Daniele si trova al seguente indirizzo:<\/p>\n\n\n\n<p>Daniele Gaumenschmaus GmbH, Fronwagplatz 7, 8200 Schaffhausen<\/p>\n\n\n\n<p>Il centro di produzione si trova in M\u00fchlentalstrasse 362 a 8200 Sciaffusa.<\/p>\n\n\n\n<p><strong>Contattateci<\/strong><\/p>\n\n\n\n<p>Telefono: +41 (0)52 625 82 70<br><a href=\"mailto:mail@daniele.shop\">mail@daniele.shop<\/a><\/p>\n\n\n\n<h2 class=\"wp-block-heading\" id=\"versand\">Costi di spedizione, tipi<\/h2>\n\n\n\n<p>La merce viene spedita al cliente da Daniele in collaborazione con DHL. I costi di trasporto sono elencati di seguito:<\/p>\n\n\n\n<p>Spedizione gratuita a partire da un totale d'ordine di 55,00 franchi svizzeri (CHF).<\/p>\n\n\n\n<p>Tempi di consegna di 3 giorni lavorativi in Svizzera e Lichtenstein:<\/p>\n\n\n\n<p>Per gli ordini di importo inferiore \u00e8 previsto un supplemento di CHF 8,60.<\/p>\n\n\n\n<p>Se i pacchi vengono inviati a pi\u00f9 indirizzi di consegna diversi, il cliente deve contribuire al costo dell'imballaggio e della consegna. Daniele sar\u00e0 lieto di fornire al cliente un preventivo.<\/p>\n\n\n\n<p>Le consegne a indirizzi al di fuori della Svizzera e del Liechtenstein vengono effettuate con DHL.&nbsp;&nbsp;&nbsp;&nbsp;&nbsp;&nbsp;&nbsp;&nbsp;&nbsp;&nbsp;&nbsp;&nbsp;&nbsp;&nbsp; <br>Verr\u00e0 addebitato solo il prezzo di costo. Questi sono indicati nella conferma d'ordine. L'imposta sul valore aggiunto svizzera non \u00e8 applicabile. Pu\u00f2 essere concesso uno sconto speciale. Le tasse nel paese di destinazione sono a carico del cliente.<\/p>\n\n\n\n<p>L'importo totale della merce non pu\u00f2 superare i 250,00 franchi svizzeri (CHF) per ogni ordine effettuato.<\/p>\n\n\n\n<p><strong>Collezione<\/strong><\/p>\n\n\n\n<p>Gli ordini possono essere ritirati presso il negozio o la produzione. Non ci sono costi aggiuntivi per il cliente.<\/p>\n\n\n\n<p>Il centro di produzione \u00e8 aperto dal marted\u00ec al sabato dalle 06.00 alle 12.00. Utilizzare il cancello di destra.<\/p>\n\n\n\n<h2 class=\"wp-block-heading\" id=\"zahlarten\">Metodi di pagamento<\/h2>\n\n\n\n<p>Daniele pu\u00f2 offrire i seguenti metodi di pagamento:<\/p>\n\n\n\n<p><strong>Per gli ordini del negozio online:<\/strong><\/p>\n\n\n\n<figure class=\"wp-block-table\"><table><tbody><tr><td>1<\/td><td> Pagamento in contanti <\/td><td> l'ordine pu\u00f2 essere pagato in contanti al momento del ritiro <\/td><\/tr><tr><td>2 <\/td><td> Pagamento anticipato <\/td><td>Comodo pagamento anticipato della fattura tramite e-banking <p>Confermate il pagamento e aiutate Daniele a rilasciare il pacco il pi\u00f9 rapidamente possibile.<\/p><\/td><\/tr><tr><td>\n<p>4<\/p>\n<\/td><td>\n<p>Striscia<sup>\u00ae<\/sup><\/p>\n<\/td><td>\n<p>il metodo di pagamento efficiente<\/p>\n<\/td><\/tr><tr><td>\n<p>5<\/p>\n<\/td><td>\n<p>Fattura<\/p>\n<\/td><td>\n<p>Saremo lieti di emettere una fattura per il secondo ordine. Il pagamento \u00e8 da effettuarsi al netto entro 30 giorni. Se possibile, evitare le spese di pagamento<\/p>\n<\/td><\/tr><\/tbody><\/table><\/figure>\n\n\n\n<p><strong>Nel negozio:<\/strong><\/p>\n\n\n\n<figure class=\"wp-block-table\"><table><tbody><tr><td>\n<p>1<\/p>\n<\/td><td>\n<p>Pagamento in contanti<\/p>\n<\/td><td>\n<p>in franchi svizzeri (CHF) o euro (EUR)<\/p>\n<\/td><\/tr><tr><td>\n<p>2<\/p>\n<\/td><td>\n<p>Carta di debito<\/p>\n<\/td><td> <p>Maestro<\/p> <p>V-Pay\u00ae<\/p><br>Cartolina<br><br> <p>NFC - Applicazioni per i pagamenti senza contatto<\/p> <\/td><\/tr><tr><td>\n<p>3<\/p>\n<\/td><td>\n<p>Carta di credito<\/p>\n<\/td><td>\n<p>VisaCard (TM) anche contactless<\/p>\n<p>MasterCard (TM)<\/p>\n<p>AmericanExpress (TM)<\/p>\n<\/td><\/tr><\/tbody><\/table><\/figure>\n\n\n\n<p>Nel centro di produzione<\/p>\n\n\n\n<figure class=\"wp-block-table\"><table><tbody><tr><td>\n<p>1<\/p>\n<\/td><td>\n<p>Pagamento in contanti<\/p>\n<\/td><td>\n<p>Non \u00e8 disponibile alcuna modifica<\/p>\n<\/td><\/tr><\/tbody><\/table><\/figure>\n\n\n\n<p>\u00c8 possibile pagare in contanti in franchi svizzeri o in euro. Riceverete il resto nella valuta corrispondente.<\/p>\n\n\n\n<p><strong>Coordinate di pagamento<\/strong><\/p>\n\n\n\n<p>Valuta Franchi svizzeri (CHF):<br>IBAN: CH95 0630 0505 3449 7512 8<\/p>\n\n\n\n<p>Valuta Euro (EUR):<br>IBAN: CH73 0630 0505 3449 7513 6&nbsp;<br>Swift: VBBECH22XXX<\/p>\n\n\n\n<p>Banca: Valiant Bank AG, Bundesplatz 4, 3001 Berna<\/p>\n\n\n\n<p>Beneficiario: Daniele Gaumenschmaus GmbH, Fronwagplatz 7, 8200 Schaffhausen<\/p>\n\n\n\n<p>Non dimenticate di indicare il numero di fattura.<\/p>\n\n\n\n<p>Se possibile, evitate le spese di bonifico, come quelle sostenute presso gli uffici postali e gli sportelli bancari.<\/p>\n\n\n\n<h2 class=\"wp-block-heading\" id=\"faq\">FAQ<\/h2>\n\n\n\n<div class=\"wp-block-ugb-accordion ugb-accordion ugb-2468496 ugb-95c0a3d ugb-accordion--v2 ugb-accordion--design-basic ugb-accordion--open ugb-main-block\" aria-expanded=\"true\"><div class=\"ugb-inner-block\"><div class=\"ugb-block-content\"><div class=\"ugb-accordion__item\"><div class=\"ugb-accordion__heading\" role=\"button\" tabindex=\"0\"><h4 class=\"ugb-accordion__title\">Le lasagne o i ravioli (prodotti freschi) possono essere congelati?<\/h4><svg xmlns=\"http:\/\/www.w3.org\/2000\/svg\" viewbox=\"0 0 20 20\" class=\"ugb-accordion__arrow\" width=\"20\" height=\"20\"><path d=\"M16.7 3.3L10 10 3.3 3.4 0 6.7l10 10v-.1l10-9.9z\"><\/path><\/svg><\/div><div class=\"ugb-accordion__content\" role=\"region\"><div class=\"ugb-accordion__content-inner\">\n\n<p>-&gt; Naturalmente s\u00ec. Ma tenete presente un punto importante: non tutto in una volta, non tutto nello stesso scomparto. Dare al congelatore il tempo di congelare tutto rapidamente.<\/p>\n\n<\/div><\/div><\/div><\/div><\/div><\/div>\n\n\n\n<div class=\"wp-block-ugb-accordion ugb-accordion ugb-244d8b4 ugb-07065c8 ugb-accordion--v2 ugb-accordion--design-basic ugb-main-block\" aria-expanded=\"false\"><div class=\"ugb-inner-block\"><div class=\"ugb-block-content\"><div class=\"ugb-accordion__item\"><div class=\"ugb-accordion__heading\" role=\"button\" tabindex=\"0\"><h4 class=\"ugb-accordion__title\">Scongelare o preparare congelato?<\/h4><svg xmlns=\"http:\/\/www.w3.org\/2000\/svg\" viewbox=\"0 0 20 20\" class=\"ugb-accordion__arrow\" width=\"20\" height=\"20\"><path d=\"M16.7 3.3L10 10 3.3 3.4 0 6.7l10 10v-.1l10-9.9z\"><\/path><\/svg><\/div><div class=\"ugb-accordion__content\" role=\"region\"><div class=\"ugb-accordion__content-inner\">\n\n<p>-&gt; Versare i ravioli dal freezer direttamente nell'acqua bollente. Lasciare scongelare le lasagne per una notte, quindi cuocerle come se fossero fresche.<\/p>\n\n<\/div><\/div><\/div><\/div><\/div><\/div>\n\n\n\n<div class=\"wp-block-ugb-accordion ugb-accordion ugb-52dab99 ugb-0d0cf73 ugb-accordion--v2 ugb-accordion--design-basic ugb-main-block\" aria-expanded=\"false\"><div class=\"ugb-inner-block\"><div class=\"ugb-block-content\"><div class=\"ugb-accordion__item\"><div class=\"ugb-accordion__heading\" role=\"button\" tabindex=\"0\"><h4 class=\"ugb-accordion__title\">Come si paga una consegna a domicilio?<\/h4><svg xmlns=\"http:\/\/www.w3.org\/2000\/svg\" viewbox=\"0 0 20 20\" class=\"ugb-accordion__arrow\" width=\"20\" height=\"20\"><path d=\"M16.7 3.3L10 10 3.3 3.4 0 6.7l10 10v-.1l10-9.9z\"><\/path><\/svg><\/div><div class=\"ugb-accordion__content\" role=\"region\"><div class=\"ugb-accordion__content-inner\">\n\n<p>-&gt; Preferibilmente con carta. Daniele ha un terminale mobile per le carte. Funzionano le carte di credito e le carte EC. Il dispositivo \u00e8 igienizzato. \u00c8 possibile anche il pagamento in contanti e funziona cos\u00ec: si paga sempre solo 100,00 franchi (o 200, o 300) e Daniele aggiunge i soldi del reso ai successivi cento franchi dell'ordine.<\/p>\n\n<\/div><\/div><\/div><\/div><\/div><\/div>\n\n\n\n<div class=\"wp-block-ugb-accordion ugb-accordion ugb-d5fc262 ugb-9611ff0 ugb-accordion--v2 ugb-accordion--design-basic ugb-main-block\" aria-expanded=\"false\"><div class=\"ugb-inner-block\"><div class=\"ugb-block-content\"><div class=\"ugb-accordion__item\"><div class=\"ugb-accordion__heading\" role=\"button\" tabindex=\"0\"><h4 class=\"ugb-accordion__title\"><strong>Come si invia il modulo di consegna a domicilio?<\/strong><\/h4><svg xmlns=\"http:\/\/www.w3.org\/2000\/svg\" viewbox=\"0 0 20 20\" class=\"ugb-accordion__arrow\" width=\"20\" height=\"20\"><path d=\"M16.7 3.3L10 10 3.3 3.4 0 6.7l10 10v-.1l10-9.9z\"><\/path><\/svg><\/div><div class=\"ugb-accordion__content\" role=\"region\"><div class=\"ugb-accordion__content-inner\">\n\n<p><\/p>\n\n\n<p>-&gt; 2 modi, un solo obiettivo<\/p>\n\n\n<h6 class=\"wp-block-heading\">Con un client di posta elettronica (Outlook, Thunderbird ecc.):<\/h6>\n\n\n<p>Compilate il modulo in base ai vostri desideri. Forse avete bisogno di pasta o di lasagne? Dei salumi? Comunicateci i tempi di consegna e le modalit\u00e0 di pagamento. Cliccate sul pulsante \u00abInvia\u00bb per inviare il modulo a Daniele.<\/p>\n\n\n<h6 class=\"wp-block-heading\">Con la webmail:<\/h6>\n\n\n<p>come nel passaggio precedente. Ora \u00absalvate\u00bb il modulo con l'ordine sul vostro computer. Aprite il vostro servizio di posta elettronica (Bluewin, GMX, GMail ecc.) nel vostro browser. Creare un nuovo messaggio e-mail. Utilizzare la graffetta per inserire il modulo nel messaggio. \u00c8 possibile inviare il messaggio senza commenti. (Si prega di scrivere un breve oggetto).<\/p>\n\n<\/div><\/div><\/div><\/div><\/div><\/div>\n\n\n\n<div class=\"wp-block-ugb-accordion ugb-accordion ugb-fa3e6dc ugb-9827e0c ugb-accordion--v2 ugb-accordion--design-basic ugb-main-block\" aria-expanded=\"false\"><div class=\"ugb-inner-block\"><div class=\"ugb-block-content\"><div class=\"ugb-accordion__item\"><div class=\"ugb-accordion__heading\" role=\"button\" tabindex=\"0\"><h4 class=\"ugb-accordion__title\">Quando viene elaborata una richiesta o un ordine?<\/h4><svg xmlns=\"http:\/\/www.w3.org\/2000\/svg\" viewbox=\"0 0 20 20\" class=\"ugb-accordion__arrow\" width=\"20\" height=\"20\"><path d=\"M16.7 3.3L10 10 3.3 3.4 0 6.7l10 10v-.1l10-9.9z\"><\/path><\/svg><\/div><div class=\"ugb-accordion__content\" role=\"region\"><div class=\"ugb-accordion__content-inner\">\n\n<p>-&gt; Le richieste di informazioni via e-mail e sulla homepage vengono elaborate dal marted\u00ec al venerd\u00ec. Gli ordini del negozio online ricevuti entro le ore 10.00 dal marted\u00ec al venerd\u00ec saranno evasi il giorno stesso, tutti gli altri ordini il giorno lavorativo successivo.<\/p>\n\n<\/div><\/div><\/div><\/div><\/div><\/div>\n\n\n\n<div class=\"wp-block-ugb-accordion ugb-accordion ugb-630260c ugb-79c525f ugb-accordion--v2 ugb-accordion--design-basic ugb-main-block\" aria-expanded=\"false\"><div class=\"ugb-inner-block\"><div class=\"ugb-block-content\"><div class=\"ugb-accordion__item\"><div class=\"ugb-accordion__heading\" role=\"button\" tabindex=\"0\"><h4 class=\"ugb-accordion__title\">Quando avvengono le consegne?<\/h4><svg xmlns=\"http:\/\/www.w3.org\/2000\/svg\" viewbox=\"0 0 20 20\" class=\"ugb-accordion__arrow\" width=\"20\" height=\"20\"><path d=\"M16.7 3.3L10 10 3.3 3.4 0 6.7l10 10v-.1l10-9.9z\"><\/path><\/svg><\/div><div class=\"ugb-accordion__content\" role=\"region\"><div class=\"ugb-accordion__content-inner\">\n\n<p>-&gt; Dalle 09.00 alle 12.00 del mattino, con una seconda fascia oraria dalle 15.00 alle 18.00 del pomeriggio in caso di forte richiesta.<\/p>\n\n<\/div><\/div><\/div><\/div><\/div><\/div>\n\n\n\n<div class=\"wp-block-ugb-accordion ugb-accordion ugb-843bcb6 ugb-cc08dff ugb-accordion--v2 ugb-accordion--design-basic ugb-main-block\" aria-expanded=\"false\"><div class=\"ugb-inner-block\"><div class=\"ugb-block-content\"><div class=\"ugb-accordion__item\"><div class=\"ugb-accordion__heading\" role=\"button\" tabindex=\"0\"><h4 class=\"ugb-accordion__title\">Visitare il negozio durante la chiusura?<\/h4><svg xmlns=\"http:\/\/www.w3.org\/2000\/svg\" viewbox=\"0 0 20 20\" class=\"ugb-accordion__arrow\" width=\"20\" height=\"20\"><path d=\"M16.7 3.3L10 10 3.3 3.4 0 6.7l10 10v-.1l10-9.9z\"><\/path><\/svg><\/div><div class=\"ugb-accordion__content\" role=\"region\"><div class=\"ugb-accordion__content-inner\">\n\n<p>-&gt; Daniele ha implementato le norme ufficiali. L'obiettivo \u00e8 che i nostri clienti e dipendenti possano fare acquisti e lavorare in un ambiente non solo piacevole ma anche sicuro.<\/p>\n\n<\/div><\/div><\/div><\/div><\/div><\/div>\n\n\n\n<h2 class=\"wp-block-heading\" id=\"widerruf\">Cancellazione \/ Ritiro<\/h2>\n\n\n\n<p>Se si desidera annullare l'ordine, \u00e8 possibile farlo in modo informale, senza fornire motivazioni. Daniele vi concede due settimane di tempo per farlo. Si prega di restituire il pacco con un'affrancatura sufficiente o di portarlo di persona. La transazione sar\u00e0 annullata e l'importo del bonifico vi sar\u00e0 restituito senza alcuna detrazione. Il presupposto \u00e8 che la merce arrivi presso la nostra sede nei tempi previsti, nella confezione originale, senza segni d'uso e con le spese di spedizione pagate.<\/p>\n\n\n\n<h2 class=\"wp-block-heading\" id=\"umtausch\">Scambio<\/h2>\n\n\n\n<p>Desidera cambiare i prodotti ricevuti? \u00c8 possibile entro dieci giorni. Inviateci il pacco con un'affrancatura sufficiente o portatelo di persona. Saremo lieti di sostituire i prodotti su vostra richiesta.<\/p>\n\n\n\n<p>Se la differenza \u00e8 a vostro favore, riceverete un buono merce per un acquisto successivo. Se la differenza \u00e8 a nostro favore, Daniele vi emetter\u00e0 una nuova fattura.<\/p>\n\n\n\n<p>\u00c8 possibile utilizzare le procedure di cancellazione e di cambio una sola volta per ogni ordine.<\/p>\n\n\n\n<p>Nota bene: Sia che si tratti di annullamento o di sostituzione, la merce deve essere sempre restituita in tempo, nella sua confezione originale, senza segni d'uso e con le spese di spedizione pagate. I buoni non possono essere scambiati o rimborsati.<\/p>","protected":false},"excerpt":{"rendered":"<p>Wir sind gerne f\u00fcr Sie da! Springen Sie direkt zum gesuchten Abschnitt: \u00d6ffnungszeiten Das Ladengesch\u00e4ft von Daniele ist 5 Tage [&hellip;]<\/p>\n","protected":false},"author":1,"featured_media":0,"parent":0,"menu_order":0,"comment_status":"closed","ping_status":"open","template":"","meta":{"_acf_changed":false,"site-sidebar-layout":"default","site-content-layout":"","ast-site-content-layout":"default","site-content-style":"default","site-sidebar-style":"default","ast-global-header-display":"","ast-banner-title-visibility":"","ast-main-header-display":"","ast-hfb-above-header-display":"","ast-hfb-below-header-display":"","ast-hfb-mobile-header-display":"","site-post-title":"","ast-breadcrumbs-content":"","ast-featured-img":"","footer-sml-layout":"","ast-disable-related-posts":"","theme-transparent-header-meta":"","adv-header-id-meta":"","stick-header-meta":"","header-above-stick-meta":"","header-main-stick-meta":"","header-below-stick-meta":"","astra-migrate-meta-layouts":"default","ast-page-background-enabled":"default","ast-page-background-meta":{"desktop":{"background-color":"var(--ast-global-color-5)","background-image":"","background-repeat":"repeat","background-position":"center center","background-size":"auto","background-attachment":"scroll","background-type":"","background-media":"","overlay-type":"","overlay-color":"","overlay-opacity":"","overlay-gradient":""},"tablet":{"background-color":"","background-image":"","background-repeat":"repeat","background-position":"center center","background-size":"auto","background-attachment":"scroll","background-type":"","background-media":"","overlay-type":"","overlay-color":"","overlay-opacity":"","overlay-gradient":""},"mobile":{"background-color":"","background-image":"","background-repeat":"repeat","background-position":"center center","background-size":"auto","background-attachment":"scroll","background-type":"","background-media":"","overlay-type":"","overlay-color":"","overlay-opacity":"","overlay-gradient":""}},"ast-content-background-meta":{"desktop":{"background-color":"var(--ast-global-color-4)","background-image":"","background-repeat":"repeat","background-position":"center center","background-size":"auto","background-attachment":"scroll","background-type":"","background-media":"","overlay-type":"","overlay-color":"","overlay-opacity":"","overlay-gradient":""},"tablet":{"background-color":"var(--ast-global-color-4)","background-image":"","background-repeat":"repeat","background-position":"center center","background-size":"auto","background-attachment":"scroll","background-type":"","background-media":"","overlay-type":"","overlay-color":"","overlay-opacity":"","overlay-gradient":""},"mobile":{"background-color":"var(--ast-global-color-4)","background-image":"","background-repeat":"repeat","background-position":"center center","background-size":"auto","background-attachment":"scroll","background-type":"","background-media":"","overlay-type":"","overlay-color":"","overlay-opacity":"","overlay-gradient":""}},"footnotes":""},"class_list":["post-182","page","type-page","status-publish","hentry"],"acf":[],"_links":{"self":[{"href":"https:\/\/daniele.shop\/it\/wp-json\/wp\/v2\/pages\/182","targetHints":{"allow":["GET"]}}],"collection":[{"href":"https:\/\/daniele.shop\/it\/wp-json\/wp\/v2\/pages"}],"about":[{"href":"https:\/\/daniele.shop\/it\/wp-json\/wp\/v2\/types\/page"}],"author":[{"embeddable":true,"href":"https:\/\/daniele.shop\/it\/wp-json\/wp\/v2\/users\/1"}],"replies":[{"embeddable":true,"href":"https:\/\/daniele.shop\/it\/wp-json\/wp\/v2\/comments?post=182"}],"version-history":[{"count":105,"href":"https:\/\/daniele.shop\/it\/wp-json\/wp\/v2\/pages\/182\/revisions"}],"predecessor-version":[{"id":661658,"href":"https:\/\/daniele.shop\/it\/wp-json\/wp\/v2\/pages\/182\/revisions\/661658"}],"wp:attachment":[{"href":"https:\/\/daniele.shop\/it\/wp-json\/wp\/v2\/media?parent=182"}],"curies":[{"name":"wp","href":"https:\/\/api.w.org\/{rel}","templated":true}]}}