{"id":1294,"date":"2017-08-16T09:47:57","date_gmt":"2017-08-16T08:47:57","guid":{"rendered":"https:\/\/daniele.shop\/?page_id=1294"},"modified":"2026-04-09T13:41:43","modified_gmt":"2026-04-09T11:41:43","slug":"aceto-balsamico-daniele","status":"publish","type":"page","link":"https:\/\/daniele.shop\/it\/danieles-genusswelt\/aceto-balsamico-daniele\/","title":{"rendered":"Aceto Balsamico di Daniele"},"content":{"rendered":"<figure class=\"wp-block-image alignwide size-large\"><img loading=\"lazy\" decoding=\"async\" width=\"1024\" height=\"681\" src=\"https:\/\/daniele.shop\/wp-content\/uploads\/2017\/11\/6U0A3675-1-1024x681.jpg\" alt=\"\" class=\"wp-image-2107\" srcset=\"https:\/\/daniele.shop\/wp-content\/uploads\/2017\/11\/6U0A3675-1-1024x681.jpg 1024w, https:\/\/daniele.shop\/wp-content\/uploads\/2017\/11\/6U0A3675-1-1000x665.jpg 1000w, https:\/\/daniele.shop\/wp-content\/uploads\/2017\/11\/6U0A3675-1-64x43.jpg 64w, https:\/\/daniele.shop\/wp-content\/uploads\/2017\/11\/6U0A3675-1-300x200.jpg 300w, https:\/\/daniele.shop\/wp-content\/uploads\/2017\/11\/6U0A3675-1-768x511.jpg 768w, https:\/\/daniele.shop\/wp-content\/uploads\/2017\/11\/6U0A3675-1-400x266.jpg 400w, https:\/\/daniele.shop\/wp-content\/uploads\/2017\/11\/6U0A3675-1-100x67.jpg 100w, https:\/\/daniele.shop\/wp-content\/uploads\/2017\/11\/6U0A3675-1-846x563.jpg 846w, https:\/\/daniele.shop\/wp-content\/uploads\/2017\/11\/6U0A3675-1-1064x708.jpg 1064w, https:\/\/daniele.shop\/wp-content\/uploads\/2017\/11\/6U0A3675-1.jpg 1503w\" sizes=\"auto, (max-width: 1024px) 100vw, 1024px\" \/><\/figure>\n\n\n\n<h2 class=\"wp-block-heading\">Prodotto con cuore e tradizione. Maturato dal tempo<\/h2>\n\n\n\n<p>L'aceto balsamico pu\u00f2 essere prodotto ovunque ci sia uva. Basta avere un'idea e molta pazienza. Daniele Peruch di Sciaffusa ha avuto entrambe le cose 16 anni fa, ma soprattutto ha scoperto che i vitigni tipici della regione erano ideali per la produzione di aceto.<\/p>\n\n\n\n<figure class=\"wp-block-image alignright size-large is-resized\"><a href=\"https:\/\/daniele.shop\/wp-content\/uploads\/2017\/11\/6U0A3541.jpg\"><img loading=\"lazy\" decoding=\"async\" width=\"1024\" height=\"683\" src=\"https:\/\/daniele.shop\/wp-content\/uploads\/2017\/11\/6U0A3541-1024x683.jpg\" alt=\"\" class=\"wp-image-2540\" style=\"width:500px\" srcset=\"https:\/\/daniele.shop\/wp-content\/uploads\/2017\/11\/6U0A3541-1024x683.jpg 1024w, https:\/\/daniele.shop\/wp-content\/uploads\/2017\/11\/6U0A3541-1000x667.jpg 1000w, https:\/\/daniele.shop\/wp-content\/uploads\/2017\/11\/6U0A3541-64x43.jpg 64w, https:\/\/daniele.shop\/wp-content\/uploads\/2017\/11\/6U0A3541-300x200.jpg 300w, https:\/\/daniele.shop\/wp-content\/uploads\/2017\/11\/6U0A3541-768x512.jpg 768w, https:\/\/daniele.shop\/wp-content\/uploads\/2017\/11\/6U0A3541-400x267.jpg 400w, https:\/\/daniele.shop\/wp-content\/uploads\/2017\/11\/6U0A3541-100x67.jpg 100w, https:\/\/daniele.shop\/wp-content\/uploads\/2017\/11\/6U0A3541-846x564.jpg 846w, https:\/\/daniele.shop\/wp-content\/uploads\/2017\/11\/6U0A3541-1064x709.jpg 1064w, https:\/\/daniele.shop\/wp-content\/uploads\/2017\/11\/6U0A3541.jpg 1200w\" sizes=\"auto, (max-width: 1024px) 100vw, 1024px\" \/><\/a><\/figure>\n\n\n\n<p>Non appena si entra nell'Acetaia di Daniele, si sente il profumo del delizioso aceto balsamico. Lungo le pareti sono allineate numerose barrique, ma anche le cosiddette \u201ebatterie\u201c, rastrelliere con cinque o sei botti pi\u00f9 piccole di dimensioni decrescenti. Esse svolgono un ruolo centrale nel processo di maturazione e illustrano il vero significato della produzione di balsamico: una concentrazione continua nel corso degli anni (o addirittura dei decenni) fino a quando, alla fine, rimane una piccola ma saporitissima quantit\u00e0 del prezioso condimento.<\/p>\n\n\n\n<p>Durante la sua maturazione, l'aceto passa attraverso tutte le botti di una batteria: la prima e pi\u00f9 grande botte contiene l'aceto balsamico a una stella, che ha ancora un'alta percentuale di aceto giovane. Successivamente, il contenuto diventa meno concentrato e pi\u00f9 sciropposo di botte in botte. Questo perch\u00e9 l'acqua si perde durante lo stoccaggio: In estate, il liquido evapora a causa del calore; in inverno, il freddo fa depositare sul fondo le sostanze solide, che vengono successivamente rimosse. \u201ePi\u00f9 vecchio, pi\u00f9 concentrato, pi\u00f9 costoso\u201c \u00e8 la regola generale. La leggenda vuole che l'Aceto Balsamico tradizionale di Modena sia ottenuto da una botte di aceto che veniva riservata al neonato ad ogni nascita e data in dote al matrimonio - il che corrisponde ad un periodo di conservazione minimo di 15-25 anni...<\/p>\n\n\n\n<figure class=\"wp-block-pullquote\"><blockquote><p>\u201eLa regola \u00e8 \u201cpi\u00f9 vecchio, pi\u00f9 concentrato, pi\u00f9 costoso\".<\/p><\/blockquote><\/figure>\n\n\n\n<p>L'aceto balsamico di Sciaffusa \u00e8 nato per necessit\u00e0: la sovrapproduzione di uva da parte dei viticoltori locali alla fine degli anni Novanta ha dato a Daniele Peruch l'idea che si potesse ricavare anche l'aceto balsamico. Ha trascorso anni a sperimentare e ad armeggiare sull'argomento, poich\u00e9 i suoi concorrenti italiani non volevano rivelargli i loro segreti commerciali. Tra le altre cose, scopr\u00ec che i barili realizzati con diversi tipi di legno giocano un ruolo fondamentale nel processo di invecchiamento: Il futuro aceto balsamico \u201epassa attraverso\u201c botti di acacia, ciliegio, rovere e castagno, che hanno un'influenza significativa sul suo sapore. Il coraggio di investire nella sua idea e la pazienza di sviluppare i prodotti fino a raggiungere una qualit\u00e0 ottimale hanno finalmente dato i loro frutti: hanno trovato un pubblico entusiasta e gli sono valsi il \u201ePrix d'innovation agricole\u201c nazionale.<\/p>\n\n\n\n<div class=\"wp-block-buttons is-content-justification-center is-layout-flex wp-container-core-buttons-is-layout-a89b3969 wp-block-buttons-is-layout-flex\">\n<div class=\"wp-block-button\"><a class=\"wp-block-button__link wp-element-button\" href=\"https:\/\/daniele.shop\/it\/categoria-prodotto\/aceto-balsamico\/aceto-balsamico-2\/\" style=\"border-radius:0px\">Provate il nostro Aceto Balsamico<\/a><\/div>\n<\/div>\n\n\n\n<p><\/p>","protected":false},"excerpt":{"rendered":"<p>Mit Herz &amp; Tradition hergestellt. Durch die Zeit gereift Aceto Balsamico k\u00f6nnte man \u00fcberall herstellen, wo es Trauben gibt. Nur [&hellip;]<\/p>\n","protected":false},"author":4,"featured_media":0,"parent":1292,"menu_order":0,"comment_status":"closed","ping_status":"closed","template":"","meta":{"_acf_changed":false,"site-sidebar-layout":"default","site-content-layout":"","ast-site-content-layout":"default","site-content-style":"default","site-sidebar-style":"default","ast-global-header-display":"","ast-banner-title-visibility":"","ast-main-header-display":"","ast-hfb-above-header-display":"","ast-hfb-below-header-display":"","ast-hfb-mobile-header-display":"","site-post-title":"","ast-breadcrumbs-content":"","ast-featured-img":"","footer-sml-layout":"","ast-disable-related-posts":"","theme-transparent-header-meta":"","adv-header-id-meta":"","stick-header-meta":"","header-above-stick-meta":"","header-main-stick-meta":"","header-below-stick-meta":"","astra-migrate-meta-layouts":"default","ast-page-background-enabled":"default","ast-page-background-meta":{"desktop":{"background-color":"var(--ast-global-color-5)","background-image":"","background-repeat":"repeat","background-position":"center center","background-size":"auto","background-attachment":"scroll","background-type":"","background-media":"","overlay-type":"","overlay-color":"","overlay-opacity":"","overlay-gradient":""},"tablet":{"background-color":"","background-image":"","background-repeat":"repeat","background-position":"center center","background-size":"auto","background-attachment":"scroll","background-type":"","background-media":"","overlay-type":"","overlay-color":"","overlay-opacity":"","overlay-gradient":""},"mobile":{"background-color":"","background-image":"","background-repeat":"repeat","background-position":"center center","background-size":"auto","background-attachment":"scroll","background-type":"","background-media":"","overlay-type":"","overlay-color":"","overlay-opacity":"","overlay-gradient":""}},"ast-content-background-meta":{"desktop":{"background-color":"var(--ast-global-color-4)","background-image":"","background-repeat":"repeat","background-position":"center center","background-size":"auto","background-attachment":"scroll","background-type":"","background-media":"","overlay-type":"","overlay-color":"","overlay-opacity":"","overlay-gradient":""},"tablet":{"background-color":"var(--ast-global-color-4)","background-image":"","background-repeat":"repeat","background-position":"center center","background-size":"auto","background-attachment":"scroll","background-type":"","background-media":"","overlay-type":"","overlay-color":"","overlay-opacity":"","overlay-gradient":""},"mobile":{"background-color":"var(--ast-global-color-4)","background-image":"","background-repeat":"repeat","background-position":"center center","background-size":"auto","background-attachment":"scroll","background-type":"","background-media":"","overlay-type":"","overlay-color":"","overlay-opacity":"","overlay-gradient":""}},"footnotes":""},"class_list":["post-1294","page","type-page","status-publish","hentry"],"acf":[],"_links":{"self":[{"href":"https:\/\/daniele.shop\/it\/wp-json\/wp\/v2\/pages\/1294","targetHints":{"allow":["GET"]}}],"collection":[{"href":"https:\/\/daniele.shop\/it\/wp-json\/wp\/v2\/pages"}],"about":[{"href":"https:\/\/daniele.shop\/it\/wp-json\/wp\/v2\/types\/page"}],"author":[{"embeddable":true,"href":"https:\/\/daniele.shop\/it\/wp-json\/wp\/v2\/users\/4"}],"replies":[{"embeddable":true,"href":"https:\/\/daniele.shop\/it\/wp-json\/wp\/v2\/comments?post=1294"}],"version-history":[{"count":31,"href":"https:\/\/daniele.shop\/it\/wp-json\/wp\/v2\/pages\/1294\/revisions"}],"predecessor-version":[{"id":661713,"href":"https:\/\/daniele.shop\/it\/wp-json\/wp\/v2\/pages\/1294\/revisions\/661713"}],"up":[{"embeddable":true,"href":"https:\/\/daniele.shop\/it\/wp-json\/wp\/v2\/pages\/1292"}],"wp:attachment":[{"href":"https:\/\/daniele.shop\/it\/wp-json\/wp\/v2\/media?parent=1294"}],"curies":[{"name":"wp","href":"https:\/\/api.w.org\/{rel}","templated":true}]}}