{"id":2303,"date":"2017-11-22T10:39:52","date_gmt":"2017-11-22T09:39:52","guid":{"rendered":"https:\/\/daniele.shop\/?page_id=2303"},"modified":"2026-04-09T13:45:45","modified_gmt":"2026-04-09T11:45:45","slug":"gifts-for-gourmets-2","status":"publish","type":"page","link":"https:\/\/daniele.shop\/en\/danieles-genusswelt\/geschenke-fuer-gourmets\/","title":{"rendered":"Gifts for gourmets"},"content":{"rendered":"<figure class=\"wp-block-image alignwide size-large\"><img loading=\"lazy\" decoding=\"async\" width=\"1024\" height=\"683\" src=\"https:\/\/daniele.shop\/wp-content\/uploads\/2017\/11\/6U0A3637-1024x683.jpg\" alt=\"\" class=\"wp-image-2543\" srcset=\"https:\/\/daniele.shop\/wp-content\/uploads\/2017\/11\/6U0A3637-1024x683.jpg 1024w, https:\/\/daniele.shop\/wp-content\/uploads\/2017\/11\/6U0A3637-1000x667.jpg 1000w, https:\/\/daniele.shop\/wp-content\/uploads\/2017\/11\/6U0A3637-64x43.jpg 64w, https:\/\/daniele.shop\/wp-content\/uploads\/2017\/11\/6U0A3637-300x200.jpg 300w, https:\/\/daniele.shop\/wp-content\/uploads\/2017\/11\/6U0A3637-768x512.jpg 768w, https:\/\/daniele.shop\/wp-content\/uploads\/2017\/11\/6U0A3637-400x267.jpg 400w, https:\/\/daniele.shop\/wp-content\/uploads\/2017\/11\/6U0A3637-100x67.jpg 100w, https:\/\/daniele.shop\/wp-content\/uploads\/2017\/11\/6U0A3637-846x564.jpg 846w, https:\/\/daniele.shop\/wp-content\/uploads\/2017\/11\/6U0A3637-1064x709.jpg 1064w, https:\/\/daniele.shop\/wp-content\/uploads\/2017\/11\/6U0A3637.jpg 1200w\" sizes=\"auto, (max-width: 1024px) 100vw, 1024px\" \/><\/figure>\n\n\n\n<h2 class=\"wp-block-heading\">Homemade &amp; hand-picked<\/h2>\n\n\n\n<p>Italian cuisine and its delicacies are extremely popular because they bring back vacation memories - and soothe wanderlust. That's why you can (almost) always hit the bull's eye with gift sets from Daniele. Or do you know someone who doesn't like Italian cuisine?<\/p>\n\n\n\n<p>The sets can be put together according to your wishes, your budget or the preferences of the recipient and are suitable as a gift for invitations, as a surprise, thank you or encouragement, as a birthday, wedding or Christmas present, as an employee or customer gift ... We would be happy to advise you.<\/p>\n\n\n\n<p>However, Daniele also offers ready-made gift sets that contain everything you need for a successful Italian evening (or to get you started). They also provide a culinary insight into Daniele's exquisite and varied range of Italian specialties, which is why they usually also include an aceto balsamico from Daniele's own production and the popular Daniele olive oil.<\/p>\n\n\n\n<figure class=\"wp-block-pullquote\"><blockquote><p>Ready-made gift sets that contain everything you need for a successful Italian evening (or to get you started).<\/p><\/blockquote><\/figure>\n\n\n\n<p>Examples?<\/p>\n\n\n\n<p>Intermezzo Spruzzante\u201e, for example, contains everything you need for an aperitif and is therefore a perfect gift. \u201cPrimo Piatto\u201e and \u201cCenetta Aceto\u201e are the basics for a quick (or improvised) snack, while \u201cIl Limone\u201e is all about the refreshing flavors of lemon. And finally, \u201cLa Cenetta\u201e is the most popular gift confection made from Daniele's own imported Comestibile products. Fantastico!<\/p>\n\n\n\n<div class=\"wp-block-buttons is-content-justification-center is-layout-flex wp-container-core-buttons-is-layout-a89b3969 wp-block-buttons-is-layout-flex\">\n<div class=\"wp-block-button\"><a class=\"wp-block-button__link wp-element-button\" href=\"https:\/\/daniele.shop\/en\/product-category\/gifts-delicatessen\/\">Browse through our gift sets<\/a><\/div>\n<\/div>","protected":false},"excerpt":{"rendered":"<p>Hausgemacht &amp; handverlesen Die italienische K\u00fcche und ihre K\u00f6stlichkeiten sind \u00e4usserst beliebt, denn sie vermitteln Ferienerinnerungen \u2013 und lindern das [&hellip;]<\/p>\n","protected":false},"author":4,"featured_media":0,"parent":1292,"menu_order":0,"comment_status":"closed","ping_status":"closed","template":"","meta":{"_acf_changed":false,"site-sidebar-layout":"default","site-content-layout":"","ast-site-content-layout":"default","site-content-style":"default","site-sidebar-style":"default","ast-global-header-display":"","ast-banner-title-visibility":"","ast-main-header-display":"","ast-hfb-above-header-display":"","ast-hfb-below-header-display":"","ast-hfb-mobile-header-display":"","site-post-title":"","ast-breadcrumbs-content":"","ast-featured-img":"","footer-sml-layout":"","ast-disable-related-posts":"","theme-transparent-header-meta":"","adv-header-id-meta":"","stick-header-meta":"","header-above-stick-meta":"","header-main-stick-meta":"","header-below-stick-meta":"","astra-migrate-meta-layouts":"default","ast-page-background-enabled":"default","ast-page-background-meta":{"desktop":{"background-color":"var(--ast-global-color-5)","background-image":"","background-repeat":"repeat","background-position":"center center","background-size":"auto","background-attachment":"scroll","background-type":"","background-media":"","overlay-type":"","overlay-color":"","overlay-opacity":"","overlay-gradient":""},"tablet":{"background-color":"","background-image":"","background-repeat":"repeat","background-position":"center center","background-size":"auto","background-attachment":"scroll","background-type":"","background-media":"","overlay-type":"","overlay-color":"","overlay-opacity":"","overlay-gradient":""},"mobile":{"background-color":"","background-image":"","background-repeat":"repeat","background-position":"center center","background-size":"auto","background-attachment":"scroll","background-type":"","background-media":"","overlay-type":"","overlay-color":"","overlay-opacity":"","overlay-gradient":""}},"ast-content-background-meta":{"desktop":{"background-color":"var(--ast-global-color-4)","background-image":"","background-repeat":"repeat","background-position":"center center","background-size":"auto","background-attachment":"scroll","background-type":"","background-media":"","overlay-type":"","overlay-color":"","overlay-opacity":"","overlay-gradient":""},"tablet":{"background-color":"var(--ast-global-color-4)","background-image":"","background-repeat":"repeat","background-position":"center center","background-size":"auto","background-attachment":"scroll","background-type":"","background-media":"","overlay-type":"","overlay-color":"","overlay-opacity":"","overlay-gradient":""},"mobile":{"background-color":"var(--ast-global-color-4)","background-image":"","background-repeat":"repeat","background-position":"center center","background-size":"auto","background-attachment":"scroll","background-type":"","background-media":"","overlay-type":"","overlay-color":"","overlay-opacity":"","overlay-gradient":""}},"footnotes":""},"class_list":["post-2303","page","type-page","status-publish","hentry"],"acf":[],"_links":{"self":[{"href":"https:\/\/daniele.shop\/en\/wp-json\/wp\/v2\/pages\/2303","targetHints":{"allow":["GET"]}}],"collection":[{"href":"https:\/\/daniele.shop\/en\/wp-json\/wp\/v2\/pages"}],"about":[{"href":"https:\/\/daniele.shop\/en\/wp-json\/wp\/v2\/types\/page"}],"author":[{"embeddable":true,"href":"https:\/\/daniele.shop\/en\/wp-json\/wp\/v2\/users\/4"}],"replies":[{"embeddable":true,"href":"https:\/\/daniele.shop\/en\/wp-json\/wp\/v2\/comments?post=2303"}],"version-history":[{"count":8,"href":"https:\/\/daniele.shop\/en\/wp-json\/wp\/v2\/pages\/2303\/revisions"}],"predecessor-version":[{"id":661717,"href":"https:\/\/daniele.shop\/en\/wp-json\/wp\/v2\/pages\/2303\/revisions\/661717"}],"up":[{"embeddable":true,"href":"https:\/\/daniele.shop\/en\/wp-json\/wp\/v2\/pages\/1292"}],"wp:attachment":[{"href":"https:\/\/daniele.shop\/en\/wp-json\/wp\/v2\/media?parent=2303"}],"curies":[{"name":"wp","href":"https:\/\/api.w.org\/{rel}","templated":true}]}}