{"id":182,"date":"2014-12-03T22:17:27","date_gmt":"2014-12-03T21:17:27","guid":{"rendered":"https:\/\/daniele.shop\/?page_id=182"},"modified":"2026-04-10T10:42:16","modified_gmt":"2026-04-10T08:42:16","slug":"good-to-know","status":"publish","type":"page","link":"https:\/\/daniele.shop\/en\/gut-zu-wissen\/","title":{"rendered":"Good to know"},"content":{"rendered":"<h2 class=\"wp-block-heading\">We are here for you!<\/h2>\n\n\n\n<figure class=\"wp-block-image alignwide size-large\"><img loading=\"lazy\" decoding=\"async\" width=\"1024\" height=\"683\" src=\"https:\/\/daniele.shop\/wp-content\/uploads\/2017\/11\/6U0A31761-1-1024x683.jpg\" alt=\"\" class=\"wp-image-2169\" srcset=\"https:\/\/daniele.shop\/wp-content\/uploads\/2017\/11\/6U0A31761-1-1024x683.jpg 1024w, https:\/\/daniele.shop\/wp-content\/uploads\/2017\/11\/6U0A31761-1-1000x667.jpg 1000w, https:\/\/daniele.shop\/wp-content\/uploads\/2017\/11\/6U0A31761-1-64x43.jpg 64w, https:\/\/daniele.shop\/wp-content\/uploads\/2017\/11\/6U0A31761-1-300x200.jpg 300w, https:\/\/daniele.shop\/wp-content\/uploads\/2017\/11\/6U0A31761-1-768x512.jpg 768w, https:\/\/daniele.shop\/wp-content\/uploads\/2017\/11\/6U0A31761-1-400x267.jpg 400w, https:\/\/daniele.shop\/wp-content\/uploads\/2017\/11\/6U0A31761-1-100x67.jpg 100w, https:\/\/daniele.shop\/wp-content\/uploads\/2017\/11\/6U0A31761-1-846x564.jpg 846w, https:\/\/daniele.shop\/wp-content\/uploads\/2017\/11\/6U0A31761-1-1064x709.jpg 1064w, https:\/\/daniele.shop\/wp-content\/uploads\/2017\/11\/6U0A31761-1.jpg 1500w\" sizes=\"auto, (max-width: 1024px) 100vw, 1024px\" \/><\/figure>\n\n\n\n<p><\/p>\n\n\n\n<p><strong>Jump directly to the section you are looking for:<\/strong><\/p>\n\n\n\n<ul class=\"wp-block-list\">\n<li><a href=\"#oeffnungszeiten\" class=\"rank-math-link\">Opening hours<\/a><\/li>\n\n\n\n<li><a href=\"#adresse\" class=\"rank-math-link\">Address<\/a><\/li>\n\n\n\n<li><a href=\"#versand\" class=\"rank-math-link\">Shipping costs, types<\/a><\/li>\n\n\n\n<li><a href=\"#zahlarten\" class=\"rank-math-link\">Payment methods<\/a><\/li>\n\n\n\n<li><a href=\"#faq\" class=\"rank-math-link\">FAQ<\/a><\/li>\n\n\n\n<li><a href=\"#widerruf\" class=\"rank-math-link\">Revocation \/ Withdrawal<\/a><\/li>\n\n\n\n<li><a href=\"#umtausch\" class=\"rank-math-link\">Exchange<\/a><\/li>\n<\/ul>\n\n\n\n<h2 class=\"wp-block-heading\" id=\"oeffnungszeiten\">Opening hours<\/h2>\n\n\n\n<p>Daniele's store is open 5 days a week. We will be happy to advise and serve you at the following times:<\/p>\n\n\n\n<p>Tuesday: 08:00 - 18:30<br>Wednesday: 08:00 - 18:30<br>Thursday: 08:00 - 18:30<br>Friday: 08:00 - 18:30<br>Saturday: 08:00 - 16:00<\/p>\n\n\n\n<p><em>Monday: closed<\/em><\/p>\n\n\n\n<p>Special opening hours 2026:<\/p>\n\n\n\n<figure class=\"wp-block-table\"><table><tbody><tr><td>Wednesday, New Year's Eve<\/td><td>31.12.2025<\/td><td>08:30 - 15:30<\/td><\/tr><tr><td>Saturday<\/td><td>03.01.2026<\/td><td>Closed<\/td><\/tr><tr><td>Saturday, Carnival<\/td><td>07.02.2026<\/td><td>08:00 - 14:00<\/td><\/tr><tr><td>Thursday<\/td><td>02.04.2026<\/td><td>08:00 - 16:00<\/td><\/tr><tr><td>Friday<\/td><td>01.05.2026 <\/td><td>Closed<\/td><\/tr><tr><td>Saturday<\/td><td>01.08.2026<\/td><td>Closed<\/td><\/tr><tr><td>Monday<\/td><td>30.11.2026<\/td><td>10:00 - 18:30<\/td><\/tr><tr><td>Monday<\/td><td>07.12.2026<\/td><td>10:00 - 18:30<\/td><\/tr><tr><td>Monday <\/td><td>14.12.2026<\/td><td>10:00 - 18:30<\/td><\/tr><tr><td>Sunday<\/td><td>20.12.2026<\/td><td>11:00 - 16:00<\/td><\/tr><tr><td>Monday<\/td><td>21.12.2026<\/td><td>08:00 - 18:30<\/td><\/tr><tr><td>Wednesday<\/td><td>23.12.2026<\/td><td>08:30 - 18:30<\/td><\/tr><tr><td>Thursday<\/td><td>24.12.2026<\/td><td>08:30 - 15:00<\/td><\/tr><tr><td>Friday<\/td><td>25.12.2026<\/td><td>Closed<\/td><\/tr><tr><td>Saturday<\/td><td>26.12.2026<\/td><td>Closed<\/td><\/tr><tr><td>Monday<\/td><td>28.12.2026<\/td><td>08:00 - 18:30<\/td><\/tr><tr><td>Thursday, New Year's Eve<\/td><td>31.12.2026<\/td><td>08:00 - 15:00<\/td><\/tr><\/tbody><\/table><\/figure>\n\n\n\n<h2 class=\"wp-block-heading\" id=\"adresse\">Addresses<\/h2>\n\n\n\n<p>The store and headquarters of Daniele is at the following address:<\/p>\n\n\n\n<p>Daniele Gaumenschmaus GmbH, Fronwagplatz 7, 8200 Schaffhausen<\/p>\n\n\n\n<p>The production center is located at M\u00fchlentalstrasse 362 in 8200 Schaffhausen<\/p>\n\n\n\n<p><strong>Contact us<\/strong><\/p>\n\n\n\n<p>Phone: +41 (0)52 625 82 70<br><a href=\"mailto:mail@daniele.shop\">mail@daniele.shop<\/a><\/p>\n\n\n\n<h2 class=\"wp-block-heading\" id=\"versand\">Shipping costs, types<\/h2>\n\n\n\n<p>The goods are shipped to the customer by Daniele in cooperation with DHL. The freight costs are listed below:<\/p>\n\n\n\n<p>Free shipping from an order total of Swiss francs (CHF) 55.00.<\/p>\n\n\n\n<p>Delivery time of 3 working days in Switzerland and Lichtenstein:<\/p>\n\n\n\n<p>There is a charge of CHF 8.60 for smaller order totals.<\/p>\n\n\n\n<p>When sending parcels to more than one different delivery address, the customer must contribute to the cost price of packaging and delivery. Daniele will be happy to provide the customer with a quote.<\/p>\n\n\n\n<p>Deliveries to addresses outside Switzerland and Liechtenstein are made by DHL.&nbsp;&nbsp;&nbsp;&nbsp;&nbsp;&nbsp;&nbsp;&nbsp;&nbsp;&nbsp;&nbsp;&nbsp;&nbsp;&nbsp; <br>Only the cost price will be charged. These are shown in the order confirmation. Swiss value added tax is not applicable. A special discount may be granted. Taxes in the recipient country are borne by the customer.<\/p>\n\n\n\n<p>The total amount of goods may not exceed 250.00 Swiss francs (CHF) per order placed.<\/p>\n\n\n\n<p><strong>Collection<\/strong><\/p>\n\n\n\n<p>Orders can be collected from the store or from production. There are no additional costs for the customer.<\/p>\n\n\n\n<p>The production center is open Tuesday to Saturday from 06.00 - 12.00. Use the right gate.<\/p>\n\n\n\n<h2 class=\"wp-block-heading\" id=\"zahlarten\">Payment methods<\/h2>\n\n\n\n<p>Daniele can offer the following payment methods:<\/p>\n\n\n\n<p><strong>For online store orders:<\/strong><\/p>\n\n\n\n<figure class=\"wp-block-table\"><table><tbody><tr><td>1<\/td><td> Cash payment <\/td><td> the order can be paid for in cash on collection <\/td><\/tr><tr><td>2 <\/td><td> Prepayment <\/td><td>Convenient prepayment of the invoice via e-banking <p>Confirm your payment and help Daniele to release the parcel as quickly as possible<\/p><\/td><\/tr><tr><td>\n<p>4<\/p>\n<\/td><td>\n<p>Stripe<sup>\u00ae<\/sup><\/p>\n<\/td><td>\n<p>the efficient method for payment<\/p>\n<\/td><\/tr><tr><td>\n<p>5<\/p>\n<\/td><td>\n<p>Invoice<\/p>\n<\/td><td>\n<p>We will be happy to issue you with an invoice from your second order. Payable net within 30 days. Please avoid payment fees if possible<\/p>\n<\/td><\/tr><\/tbody><\/table><\/figure>\n\n\n\n<p><strong>In the store:<\/strong><\/p>\n\n\n\n<figure class=\"wp-block-table\"><table><tbody><tr><td>\n<p>1<\/p>\n<\/td><td>\n<p>Cash payment<\/p>\n<\/td><td>\n<p>in Swiss francs (CHF) or euros (EUR)<\/p>\n<\/td><\/tr><tr><td>\n<p>2<\/p>\n<\/td><td>\n<p>Debit card<\/p>\n<\/td><td> <p>Maestro\u00ae<\/p> <p>V-Pay\u00ae<\/p><br>Postcard<br><br> <p>NFC - Apps for contactless payments<\/p> <\/td><\/tr><tr><td>\n<p>3<\/p>\n<\/td><td>\n<p>Credit card<\/p>\n<\/td><td>\n<p>VisaCard (TM) also contactless<\/p>\n<p>MasterCard (TM)<\/p>\n<p>AmericanExpress (TM)<\/p>\n<\/td><\/tr><\/tbody><\/table><\/figure>\n\n\n\n<p>In the production center<\/p>\n\n\n\n<figure class=\"wp-block-table\"><table><tbody><tr><td>\n<p>1<\/p>\n<\/td><td>\n<p>Cash payment<\/p>\n<\/td><td>\n<p>No change is available<\/p>\n<\/td><\/tr><\/tbody><\/table><\/figure>\n\n\n\n<p>You can pay cash in Swiss francs or euros. You will receive change in the corresponding currency.<\/p>\n\n\n\n<p><strong>Payment coordinates<\/strong><\/p>\n\n\n\n<p>Currency Swiss francs (CHF):<br>IBAN: CH95 0630 0505 3449 7512 8<\/p>\n\n\n\n<p>Currency Euro (EUR):<br>IBAN: CH73 0630 0505 3449 7513 6&nbsp;<br>Swift: VBBECH22XXX<\/p>\n\n\n\n<p>Bank: Valiant Bank AG, Bundesplatz 4, 3001 Bern<\/p>\n\n\n\n<p>Beneficiary: Daniele Gaumenschmaus GmbH, Fronwagplatz 7, 8200 Schaffhausen<\/p>\n\n\n\n<p>Please do not forget to state the invoice number.<\/p>\n\n\n\n<p>If possible, avoid bank transfer fees, such as those incurred at post office and bank counters.<\/p>\n\n\n\n<h2 class=\"wp-block-heading\" id=\"faq\">FAQ<\/h2>\n\n\n\n<div class=\"wp-block-ugb-accordion ugb-accordion ugb-2468496 ugb-95c0a3d ugb-accordion--v2 ugb-accordion--design-basic ugb-accordion--open ugb-main-block\" aria-expanded=\"true\"><div class=\"ugb-inner-block\"><div class=\"ugb-block-content\"><div class=\"ugb-accordion__item\"><div class=\"ugb-accordion__heading\" role=\"button\" tabindex=\"0\"><h4 class=\"ugb-accordion__title\">Can lasagne or ravioli (fresh products) be frozen?<\/h4><svg xmlns=\"http:\/\/www.w3.org\/2000\/svg\" viewbox=\"0 0 20 20\" class=\"ugb-accordion__arrow\" width=\"20\" height=\"20\"><path d=\"M16.7 3.3L10 10 3.3 3.4 0 6.7l10 10v-.1l10-9.9z\"><\/path><\/svg><\/div><div class=\"ugb-accordion__content\" role=\"region\"><div class=\"ugb-accordion__content-inner\">\n\n<p>-&gt; Of course yes. But keep one important point in mind: not everything at once, not everything in the same compartment. Give the freezer time to freeze everything quickly<\/p>\n\n<\/div><\/div><\/div><\/div><\/div><\/div>\n\n\n\n<div class=\"wp-block-ugb-accordion ugb-accordion ugb-244d8b4 ugb-07065c8 ugb-accordion--v2 ugb-accordion--design-basic ugb-main-block\" aria-expanded=\"false\"><div class=\"ugb-inner-block\"><div class=\"ugb-block-content\"><div class=\"ugb-accordion__item\"><div class=\"ugb-accordion__heading\" role=\"button\" tabindex=\"0\"><h4 class=\"ugb-accordion__title\">Defrost or prepare frozen?<\/h4><svg xmlns=\"http:\/\/www.w3.org\/2000\/svg\" viewbox=\"0 0 20 20\" class=\"ugb-accordion__arrow\" width=\"20\" height=\"20\"><path d=\"M16.7 3.3L10 10 3.3 3.4 0 6.7l10 10v-.1l10-9.9z\"><\/path><\/svg><\/div><div class=\"ugb-accordion__content\" role=\"region\"><div class=\"ugb-accordion__content-inner\">\n\n<p>-&gt; Pour the ravioli from the freezer directly into the boiling water. Leave the lasagne to defrost overnight - then bake as if it were fresh.<\/p>\n\n<\/div><\/div><\/div><\/div><\/div><\/div>\n\n\n\n<div class=\"wp-block-ugb-accordion ugb-accordion ugb-52dab99 ugb-0d0cf73 ugb-accordion--v2 ugb-accordion--design-basic ugb-main-block\" aria-expanded=\"false\"><div class=\"ugb-inner-block\"><div class=\"ugb-block-content\"><div class=\"ugb-accordion__item\"><div class=\"ugb-accordion__heading\" role=\"button\" tabindex=\"0\"><h4 class=\"ugb-accordion__title\">How do I pay for a home delivery?<\/h4><svg xmlns=\"http:\/\/www.w3.org\/2000\/svg\" viewbox=\"0 0 20 20\" class=\"ugb-accordion__arrow\" width=\"20\" height=\"20\"><path d=\"M16.7 3.3L10 10 3.3 3.4 0 6.7l10 10v-.1l10-9.9z\"><\/path><\/svg><\/div><div class=\"ugb-accordion__content\" role=\"region\"><div class=\"ugb-accordion__content-inner\">\n\n<p>-&gt; Preferably by card. Daniele has a mobile card terminal. EC and credit cards work. The device is disinfected. Cash payment is also possible and works like this: you always pay just CHF 100.00 (or 200, or 300) and Daniele adds the return money to the next one hundred francs of the order.<\/p>\n\n<\/div><\/div><\/div><\/div><\/div><\/div>\n\n\n\n<div class=\"wp-block-ugb-accordion ugb-accordion ugb-d5fc262 ugb-9611ff0 ugb-accordion--v2 ugb-accordion--design-basic ugb-main-block\" aria-expanded=\"false\"><div class=\"ugb-inner-block\"><div class=\"ugb-block-content\"><div class=\"ugb-accordion__item\"><div class=\"ugb-accordion__heading\" role=\"button\" tabindex=\"0\"><h4 class=\"ugb-accordion__title\"><strong>How do I send the home delivery form?<\/strong><\/h4><svg xmlns=\"http:\/\/www.w3.org\/2000\/svg\" viewbox=\"0 0 20 20\" class=\"ugb-accordion__arrow\" width=\"20\" height=\"20\"><path d=\"M16.7 3.3L10 10 3.3 3.4 0 6.7l10 10v-.1l10-9.9z\"><\/path><\/svg><\/div><div class=\"ugb-accordion__content\" role=\"region\"><div class=\"ugb-accordion__content-inner\">\n\n<p><\/p>\n\n\n<p>-&gt; 2 paths, one goal<\/p>\n\n\n<h6 class=\"wp-block-heading\">With email client (Outlook, Thunderbird etc.):<\/h6>\n\n\n<p>fill out the form according to your wishes. Maybe you need pasta, or a lasagna? Some cold cuts? Tell us the delivery time and payment method. Click the \u00abSend\u00bb button to send the form to Daniele.<\/p>\n\n\n<h6 class=\"wp-block-heading\">With webmail:<\/h6>\n\n\n<p>as in the step above. Now \u00absave\u00bb the form with your order on your computer. Open your email service (Bluewin, GMX, GMail etc.) in your browser. Create a new e-mail message. Use the paper clip to insert the form into the message. You may send the message without comment. (Please write a short subject line).<\/p>\n\n<\/div><\/div><\/div><\/div><\/div><\/div>\n\n\n\n<div class=\"wp-block-ugb-accordion ugb-accordion ugb-fa3e6dc ugb-9827e0c ugb-accordion--v2 ugb-accordion--design-basic ugb-main-block\" aria-expanded=\"false\"><div class=\"ugb-inner-block\"><div class=\"ugb-block-content\"><div class=\"ugb-accordion__item\"><div class=\"ugb-accordion__heading\" role=\"button\" tabindex=\"0\"><h4 class=\"ugb-accordion__title\">When will an inquiry or order be processed?<\/h4><svg xmlns=\"http:\/\/www.w3.org\/2000\/svg\" viewbox=\"0 0 20 20\" class=\"ugb-accordion__arrow\" width=\"20\" height=\"20\"><path d=\"M16.7 3.3L10 10 3.3 3.4 0 6.7l10 10v-.1l10-9.9z\"><\/path><\/svg><\/div><div class=\"ugb-accordion__content\" role=\"region\"><div class=\"ugb-accordion__content-inner\">\n\n<p>-&gt; Inquiries via e-mail and homepage are processed from Tuesday to Friday. Online store orders received by 10.00 a.m. from Tuesday to Friday will be processed on the same day, all other orders on the following working day.<\/p>\n\n<\/div><\/div><\/div><\/div><\/div><\/div>\n\n\n\n<div class=\"wp-block-ugb-accordion ugb-accordion ugb-630260c ugb-79c525f ugb-accordion--v2 ugb-accordion--design-basic ugb-main-block\" aria-expanded=\"false\"><div class=\"ugb-inner-block\"><div class=\"ugb-block-content\"><div class=\"ugb-accordion__item\"><div class=\"ugb-accordion__heading\" role=\"button\" tabindex=\"0\"><h4 class=\"ugb-accordion__title\">When do deliveries take place?<\/h4><svg xmlns=\"http:\/\/www.w3.org\/2000\/svg\" viewbox=\"0 0 20 20\" class=\"ugb-accordion__arrow\" width=\"20\" height=\"20\"><path d=\"M16.7 3.3L10 10 3.3 3.4 0 6.7l10 10v-.1l10-9.9z\"><\/path><\/svg><\/div><div class=\"ugb-accordion__content\" role=\"region\"><div class=\"ugb-accordion__content-inner\">\n\n<p>-&gt; From 09.00 - 12.00 in the morning, with a second slot from 15.00 - 18.00 in the afternoon in case of high demand.<\/p>\n\n<\/div><\/div><\/div><\/div><\/div><\/div>\n\n\n\n<div class=\"wp-block-ugb-accordion ugb-accordion ugb-843bcb6 ugb-cc08dff ugb-accordion--v2 ugb-accordion--design-basic ugb-main-block\" aria-expanded=\"false\"><div class=\"ugb-inner-block\"><div class=\"ugb-block-content\"><div class=\"ugb-accordion__item\"><div class=\"ugb-accordion__heading\" role=\"button\" tabindex=\"0\"><h4 class=\"ugb-accordion__title\">Visiting the store during the lockdown?<\/h4><svg xmlns=\"http:\/\/www.w3.org\/2000\/svg\" viewbox=\"0 0 20 20\" class=\"ugb-accordion__arrow\" width=\"20\" height=\"20\"><path d=\"M16.7 3.3L10 10 3.3 3.4 0 6.7l10 10v-.1l10-9.9z\"><\/path><\/svg><\/div><div class=\"ugb-accordion__content\" role=\"region\"><div class=\"ugb-accordion__content-inner\">\n\n<p>-&gt; Daniele has implemented the official regulations. The aim is to ensure that our customers and employees can shop and work not only in a pleasant but also in a safe environment.<\/p>\n\n<\/div><\/div><\/div><\/div><\/div><\/div>\n\n\n\n<h2 class=\"wp-block-heading\" id=\"widerruf\">Revocation \/ Withdrawal<\/h2>\n\n\n\n<p>If you wish to withdraw from the order, you may do so informally, without giving reasons. Daniele will give you two weeks to do so. Please return the package with sufficient postage or bring it to us in person. The transaction will be canceled and your transfer amount will be returned to you without deduction. The prerequisite for this is that the goods are received by us on time, in their original packaging, without signs of use and with postage paid.<\/p>\n\n\n\n<h2 class=\"wp-block-heading\" id=\"umtausch\">Exchange<\/h2>\n\n\n\n<p>Would you like to exchange the products you have received? This is possible within ten days. Send the package back to us with sufficient postage or bring it to us in person. We will be happy to exchange the products at your request.<\/p>\n\n\n\n<p>If there is a difference in your favor, you will receive a goods voucher for a later purchase. If there is a difference in our favor, Daniele will issue you with a new invoice.<\/p>\n\n\n\n<p>You may use the revocation and exchange processes once per order.<\/p>\n\n\n\n<p>Please note: Whether withdrawing or exchanging, in all cases the goods must be received by us on time, in their original packaging, without signs of use and with postage paid. Vouchers cannot be exchanged or refunded.<\/p>","protected":false},"excerpt":{"rendered":"<p>Wir sind gerne f\u00fcr Sie da! Springen Sie direkt zum gesuchten Abschnitt: \u00d6ffnungszeiten Das Ladengesch\u00e4ft von Daniele ist 5 Tage [&hellip;]<\/p>\n","protected":false},"author":1,"featured_media":0,"parent":0,"menu_order":0,"comment_status":"closed","ping_status":"open","template":"","meta":{"_acf_changed":false,"site-sidebar-layout":"default","site-content-layout":"","ast-site-content-layout":"default","site-content-style":"default","site-sidebar-style":"default","ast-global-header-display":"","ast-banner-title-visibility":"","ast-main-header-display":"","ast-hfb-above-header-display":"","ast-hfb-below-header-display":"","ast-hfb-mobile-header-display":"","site-post-title":"","ast-breadcrumbs-content":"","ast-featured-img":"","footer-sml-layout":"","ast-disable-related-posts":"","theme-transparent-header-meta":"","adv-header-id-meta":"","stick-header-meta":"","header-above-stick-meta":"","header-main-stick-meta":"","header-below-stick-meta":"","astra-migrate-meta-layouts":"default","ast-page-background-enabled":"default","ast-page-background-meta":{"desktop":{"background-color":"var(--ast-global-color-5)","background-image":"","background-repeat":"repeat","background-position":"center center","background-size":"auto","background-attachment":"scroll","background-type":"","background-media":"","overlay-type":"","overlay-color":"","overlay-opacity":"","overlay-gradient":""},"tablet":{"background-color":"","background-image":"","background-repeat":"repeat","background-position":"center center","background-size":"auto","background-attachment":"scroll","background-type":"","background-media":"","overlay-type":"","overlay-color":"","overlay-opacity":"","overlay-gradient":""},"mobile":{"background-color":"","background-image":"","background-repeat":"repeat","background-position":"center center","background-size":"auto","background-attachment":"scroll","background-type":"","background-media":"","overlay-type":"","overlay-color":"","overlay-opacity":"","overlay-gradient":""}},"ast-content-background-meta":{"desktop":{"background-color":"var(--ast-global-color-4)","background-image":"","background-repeat":"repeat","background-position":"center center","background-size":"auto","background-attachment":"scroll","background-type":"","background-media":"","overlay-type":"","overlay-color":"","overlay-opacity":"","overlay-gradient":""},"tablet":{"background-color":"var(--ast-global-color-4)","background-image":"","background-repeat":"repeat","background-position":"center center","background-size":"auto","background-attachment":"scroll","background-type":"","background-media":"","overlay-type":"","overlay-color":"","overlay-opacity":"","overlay-gradient":""},"mobile":{"background-color":"var(--ast-global-color-4)","background-image":"","background-repeat":"repeat","background-position":"center center","background-size":"auto","background-attachment":"scroll","background-type":"","background-media":"","overlay-type":"","overlay-color":"","overlay-opacity":"","overlay-gradient":""}},"footnotes":""},"class_list":["post-182","page","type-page","status-publish","hentry"],"acf":[],"_links":{"self":[{"href":"https:\/\/daniele.shop\/en\/wp-json\/wp\/v2\/pages\/182","targetHints":{"allow":["GET"]}}],"collection":[{"href":"https:\/\/daniele.shop\/en\/wp-json\/wp\/v2\/pages"}],"about":[{"href":"https:\/\/daniele.shop\/en\/wp-json\/wp\/v2\/types\/page"}],"author":[{"embeddable":true,"href":"https:\/\/daniele.shop\/en\/wp-json\/wp\/v2\/users\/1"}],"replies":[{"embeddable":true,"href":"https:\/\/daniele.shop\/en\/wp-json\/wp\/v2\/comments?post=182"}],"version-history":[{"count":105,"href":"https:\/\/daniele.shop\/en\/wp-json\/wp\/v2\/pages\/182\/revisions"}],"predecessor-version":[{"id":661658,"href":"https:\/\/daniele.shop\/en\/wp-json\/wp\/v2\/pages\/182\/revisions\/661658"}],"wp:attachment":[{"href":"https:\/\/daniele.shop\/en\/wp-json\/wp\/v2\/media?parent=182"}],"curies":[{"name":"wp","href":"https:\/\/api.w.org\/{rel}","templated":true}]}}